{"id":1850,"date":"2025-09-17T20:36:56","date_gmt":"2025-09-17T18:36:56","guid":{"rendered":"https:\/\/www.misstraducciones.com\/contact\/"},"modified":"2025-11-26T10:15:17","modified_gmt":"2025-11-26T09:15:17","slug":"kontakt","status":"publish","type":"page","link":"https:\/\/www.misstraducciones.com\/de\/kontakt\/","title":{"rendered":"Kontakt"},"content":{"rendered":"\t\t<div data-elementor-type=\"wp-page\" data-elementor-id=\"1850\" class=\"elementor elementor-1850 elementor-73\" data-elementor-post-type=\"page\">\n\t\t\t\t<div class=\"elementor-element elementor-element-3f5d42f e-flex e-con-boxed e-con e-parent\" data-id=\"3f5d42f\" data-element_type=\"container\" data-settings=\"{&quot;background_background&quot;:&quot;classic&quot;}\">\n\t\t\t\t\t<div class=\"e-con-inner\">\n\t\t<div class=\"elementor-element elementor-element-82d5f3b e-con-full e-flex e-con e-child\" data-id=\"82d5f3b\" data-element_type=\"container\">\n\t\t\t\t<div class=\"elementor-element elementor-element-c5e25e9 elementor-widget elementor-widget-heading\" data-id=\"c5e25e9\" data-element_type=\"widget\" data-widget_type=\"heading.default\">\n\t\t\t\t\t<h1 class=\"elementor-heading-title elementor-size-default\">Kontaktieren Sie uns<\/h1>\t\t\t\t<\/div>\n\t\t\t\t<div class=\"elementor-element elementor-element-9ab8861 elementor-widget elementor-widget-text-editor\" data-id=\"9ab8861\" data-element_type=\"widget\" data-widget_type=\"text-editor.default\">\n\t\t\t\t\t\t\t\t\t<p><span style=\"font-weight: 400;\">Wenn Sie Fragen haben oder weitere Informationen zu unseren Dienstleistungen ben\u00f6tigen, z\u00f6gern Sie bitte nicht, uns zu kontaktieren.<\/span><\/p>\t\t\t\t\t\t\t\t<\/div>\n\t\t\t\t<div class=\"elementor-element elementor-element-2216bae elementor-icon-list--layout-traditional elementor-list-item-link-full_width elementor-widget elementor-widget-icon-list\" data-id=\"2216bae\" data-element_type=\"widget\" data-widget_type=\"icon-list.default\">\n\t\t\t\t\t\t\t<ul class=\"elementor-icon-list-items\">\n\t\t\t\t\t\t\t<li class=\"elementor-icon-list-item\">\n\t\t\t\t\t\t\t\t\t\t\t<a href=\"tel:+34607717652\" target=\"_blank\" rel=\"nofollow\">\n\n\t\t\t\t\t\t\t\t\t\t\t\t<span class=\"elementor-icon-list-icon\">\n\t\t\t\t\t\t\t<svg xmlns=\"http:\/\/www.w3.org\/2000\/svg\" width=\"22\" height=\"22\" viewBox=\"0 0 22 22\" fill=\"none\"><path d=\"M7.38028 7.85323C8.07627 9.30285 9.02506 10.6615 10.2266 11.8631C11.4282 13.0646 12.7869 14.0134 14.2365 14.7094C14.3612 14.7693 14.4235 14.7992 14.5024 14.8222C14.7828 14.904 15.127 14.8453 15.3644 14.6752C15.4313 14.6274 15.4884 14.5702 15.6027 14.4559C15.9523 14.1063 16.1271 13.9315 16.3029 13.8172C16.9658 13.3862 17.8204 13.3862 18.4833 13.8172C18.6591 13.9315 18.8339 14.1063 19.1835 14.4559L19.3783 14.6508C19.9098 15.1822 20.1755 15.448 20.3198 15.7333C20.6069 16.3009 20.6069 16.9712 20.3198 17.5387C20.1755 17.8241 19.9098 18.0898 19.3783 18.6213L19.2207 18.7789C18.6911 19.3085 18.4263 19.5733 18.0662 19.7756C17.6667 20 17.0462 20.1614 16.588 20.16C16.1751 20.1588 15.8928 20.0787 15.3284 19.9185C12.295 19.0575 9.43264 17.433 7.04466 15.045C4.65668 12.6571 3.03221 9.79471 2.17124 6.76131C2.01103 6.19687 1.93092 5.91464 1.9297 5.5017C1.92833 5.04347 2.08969 4.42298 2.31411 4.02348C2.51636 3.66345 2.78117 3.39863 3.3108 2.86901L3.46843 2.71138C3.99987 2.17993 4.2656 1.91421 4.55098 1.76987C5.11854 1.4828 5.7888 1.4828 6.35636 1.76987C6.64174 1.91421 6.90747 2.17993 7.43891 2.71138L7.63378 2.90625C7.98338 3.25585 8.15819 3.43065 8.27247 3.60643C8.70347 4.26932 8.70347 5.1239 8.27247 5.78679C8.15819 5.96257 7.98338 6.13738 7.63378 6.48698C7.51947 6.60129 7.46231 6.65845 7.41447 6.72526C7.24446 6.96269 7.18576 7.30695 7.26748 7.5873C7.29048 7.6662 7.32041 7.72854 7.38028 7.85323Z\" stroke=\"#444444\" stroke-width=\"2\" stroke-linecap=\"round\" stroke-linejoin=\"round\"><\/path><\/svg>\t\t\t\t\t\t<\/span>\n\t\t\t\t\t\t\t\t\t\t<span class=\"elementor-icon-list-text\">+34 607 717 652<\/span>\n\t\t\t\t\t\t\t\t\t\t\t<\/a>\n\t\t\t\t\t\t\t\t\t<\/li>\n\t\t\t\t\t\t\t\t<li class=\"elementor-icon-list-item\">\n\t\t\t\t\t\t\t\t\t\t\t<a href=\"mailto:aas.translationservices@gmail.com\">\n\n\t\t\t\t\t\t\t\t\t\t\t\t<span class=\"elementor-icon-list-icon\">\n\t\t\t\t\t\t\t<svg xmlns=\"http:\/\/www.w3.org\/2000\/svg\" width=\"22\" height=\"18\" viewBox=\"0 0 22 18\" fill=\"none\"><path d=\"M1 4L9.16492 9.71544C9.82609 10.1783 10.1567 10.4097 10.5163 10.4993C10.8339 10.5785 11.1661 10.5785 11.4837 10.4993C11.8433 10.4097 12.1739 10.1783 12.8351 9.71544L21 4M5.8 17H16.2C17.8802 17 18.7202 17 19.362 16.673C19.9265 16.3854 20.3854 15.9265 20.673 15.362C21 14.7202 21 13.8802 21 12.2V5.8C21 4.11984 21 3.27976 20.673 2.63803C20.3854 2.07354 19.9265 1.6146 19.362 1.32698C18.7202 1 17.8802 1 16.2 1H5.8C4.11984 1 3.27976 1 2.63803 1.32698C2.07354 1.6146 1.6146 2.07354 1.32698 2.63803C1 3.27976 1 4.11984 1 5.8V12.2C1 13.8802 1 14.7202 1.32698 15.362C1.6146 15.9265 2.07354 16.3854 2.63803 16.673C3.27976 17 4.11984 17 5.8 17Z\" stroke=\"#2D2D2D\" stroke-width=\"1.5\" stroke-linecap=\"round\" stroke-linejoin=\"round\"><\/path><\/svg>\t\t\t\t\t\t<\/span>\n\t\t\t\t\t\t\t\t\t\t<span class=\"elementor-icon-list-text\">aas.translationservices@gmail.com<\/span>\n\t\t\t\t\t\t\t\t\t\t\t<\/a>\n\t\t\t\t\t\t\t\t\t<\/li>\n\t\t\t\t\t\t<\/ul>\n\t\t\t\t\t\t<\/div>\n\t\t\t\t<\/div>\n\t\t<div class=\"elementor-element elementor-element-20470d3 e-con-full elementor-hidden-tablet elementor-hidden-mobile e-flex e-con e-child\" data-id=\"20470d3\" data-element_type=\"container\">\n\t\t\t\t<\/div>\n\t\t<div class=\"elementor-element elementor-element-fa98e9b e-con-full e-flex e-con e-child\" data-id=\"fa98e9b\" data-element_type=\"container\">\n\t\t<div class=\"elementor-element elementor-element-0c008b8 e-con-full e-flex e-con e-child\" data-id=\"0c008b8\" data-element_type=\"container\" data-settings=\"{&quot;background_background&quot;:&quot;classic&quot;}\">\n\t\t\t\t<\/div>\n\t\t<div class=\"elementor-element elementor-element-fd3d944 e-con-full e-flex e-con e-child\" data-id=\"fd3d944\" data-element_type=\"container\">\n\t\t<div class=\"elementor-element elementor-element-b2f3a81 e-con-full e-flex e-con e-child\" data-id=\"b2f3a81\" data-element_type=\"container\" data-settings=\"{&quot;background_background&quot;:&quot;classic&quot;}\">\n\t\t\t\t<\/div>\n\t\t<div class=\"elementor-element elementor-element-a10f422 e-con-full e-flex e-con e-child\" data-id=\"a10f422\" data-element_type=\"container\" data-settings=\"{&quot;background_background&quot;:&quot;classic&quot;}\">\n\t\t\t\t<\/div>\n\t\t\t\t<\/div>\n\t\t\t\t<\/div>\n\t\t\t\t\t<\/div>\n\t\t\t\t<\/div>\n\t\t<div class=\"elementor-element elementor-element-3210fb4 e-flex e-con-boxed e-con e-parent\" data-id=\"3210fb4\" data-element_type=\"container\">\n\t\t\t\t\t<div class=\"e-con-inner\">\n\t\t<div class=\"elementor-element elementor-element-527c15c e-con-full elementor-hidden-tablet elementor-hidden-mobile e-flex e-con e-child\" data-id=\"527c15c\" data-element_type=\"container\">\n\t\t\t\t<\/div>\n\t\t<div class=\"elementor-element elementor-element-d461176 e-con-full e-flex e-con e-child\" data-id=\"d461176\" data-element_type=\"container\" data-settings=\"{&quot;background_background&quot;:&quot;classic&quot;}\">\n\t\t\t\t<div class=\"elementor-element elementor-element-41eb47d elementor-widget elementor-widget-heading\" data-id=\"41eb47d\" data-element_type=\"widget\" data-widget_type=\"heading.default\">\n\t\t\t\t\t<h2 class=\"elementor-heading-title elementor-size-default\">Kontaktformular<\/h2>\t\t\t\t<\/div>\n\t\t\t\t<div class=\"elementor-element elementor-element-89c6338 elementor-widget elementor-widget-text-editor\" data-id=\"89c6338\" data-element_type=\"widget\" data-widget_type=\"text-editor.default\">\n\t\t\t\t\t\t\t\t\tF\u00fcllen Sie das nachstehende Formular aus, um Informationen anzufordern, Fragen zu kl\u00e4ren oder ein Angebot zu erhalten\n\t\t\t\t\t\t\t\t<\/div>\n\t\t\t\t<div class=\"elementor-element elementor-element-651193a elementor-button-align-center ContactForm contactFormdeu elementor-widget elementor-widget-form\" data-id=\"651193a\" data-element_type=\"widget\" data-settings=\"{&quot;step_next_label&quot;:&quot;Siguiente&quot;,&quot;step_previous_label&quot;:&quot;Anterior&quot;,&quot;button_width&quot;:&quot;100&quot;,&quot;step_type&quot;:&quot;number_text&quot;,&quot;step_icon_shape&quot;:&quot;circle&quot;}\" data-widget_type=\"form.default\">\n\t\t\t\t\t\t\t<form class=\"elementor-form\" method=\"post\" name=\"Nuevo formulario\" aria-label=\"Nuevo formulario\">\n\t\t\t<input type=\"hidden\" name=\"post_id\" value=\"1850\"\/>\n\t\t\t<input type=\"hidden\" name=\"form_id\" value=\"651193a\"\/>\n\t\t\t<input type=\"hidden\" name=\"referer_title\" value=\"Kontakt | Sprechen wir \u00fcber Ihr \u00dcbersetzungsprojekt\" \/>\n\n\t\t\t\t\t\t\t<input type=\"hidden\" name=\"queried_id\" value=\"1850\"\/>\n\t\t\t\n\t\t\t<div class=\"elementor-form-fields-wrapper elementor-labels-above\">\n\t\t\t\t\t\t\t\t<div class=\"elementor-field-type-text elementor-field-group elementor-column elementor-field-group-name elementor-col-50 elementor-field-required elementor-mark-required\">\n\t\t\t\t\t\t\t\t\t\t\t\t<label for=\"form-field-name\" class=\"elementor-field-label\">\n\t\t\t\t\t\t\t\tVorname\t\t\t\t\t\t\t<\/label>\n\t\t\t\t\t\t\t\t\t\t\t\t\t\t<input size=\"1\" type=\"text\" name=\"form_fields[name]\" id=\"form-field-name\" class=\"elementor-field elementor-size-md  elementor-field-textual\" placeholder=\"Vorname\" required=\"required\">\n\t\t\t\t\t\t\t\t\t\t\t<\/div>\n\t\t\t\t\t\t\t\t<div class=\"elementor-field-type-text elementor-field-group elementor-column elementor-field-group-field_f4b3989 elementor-col-50 elementor-field-required elementor-mark-required\">\n\t\t\t\t\t\t\t\t\t\t\t\t<label for=\"form-field-field_f4b3989\" class=\"elementor-field-label\">\n\t\t\t\t\t\t\t\tNachname\t\t\t\t\t\t\t<\/label>\n\t\t\t\t\t\t\t\t\t\t\t\t\t\t<input size=\"1\" type=\"text\" name=\"form_fields[field_f4b3989]\" id=\"form-field-field_f4b3989\" class=\"elementor-field elementor-size-md  elementor-field-textual\" placeholder=\"Nachname\" required=\"required\">\n\t\t\t\t\t\t\t\t\t\t\t<\/div>\n\t\t\t\t\t\t\t\t<div class=\"elementor-field-type-email elementor-field-group elementor-column elementor-field-group-email elementor-col-50 elementor-field-required elementor-mark-required\">\n\t\t\t\t\t\t\t\t\t\t\t\t<label for=\"form-field-email\" class=\"elementor-field-label\">\n\t\t\t\t\t\t\t\tE-Mail\t\t\t\t\t\t\t<\/label>\n\t\t\t\t\t\t\t\t\t\t\t\t\t\t<input size=\"1\" type=\"email\" name=\"form_fields[email]\" id=\"form-field-email\" class=\"elementor-field elementor-size-md  elementor-field-textual\" placeholder=\"E-Mail\" required=\"required\">\n\t\t\t\t\t\t\t\t\t\t\t<\/div>\n\t\t\t\t\t\t\t\t<div class=\"elementor-field-type-tel elementor-field-group elementor-column elementor-field-group-field_fcd170d elementor-col-50\">\n\t\t\t\t\t\t\t\t\t\t\t\t<label for=\"form-field-field_fcd170d\" class=\"elementor-field-label\">\n\t\t\t\t\t\t\t\tTelefonnummer\t\t\t\t\t\t\t<\/label>\n\t\t\t\t\t\t\t\t<input size=\"1\" type=\"tel\" name=\"form_fields[field_fcd170d]\" id=\"form-field-field_fcd170d\" class=\"elementor-field elementor-size-md  elementor-field-textual\" placeholder=\"Telefonnummer\" pattern=\"[0-9()#&amp;+*-=.]+\" title=\"Nur Nummern oder Telefon-Zeichen (#, -, *, etc) werden akzeptiert.\">\n\n\t\t\t\t\t\t<\/div>\n\t\t\t\t\t\t\t\t<div class=\"elementor-field-type-textarea elementor-field-group elementor-column elementor-field-group-message elementor-col-100 elementor-field-required elementor-mark-required\">\n\t\t\t\t\t\t\t\t\t\t\t\t<label for=\"form-field-message\" class=\"elementor-field-label\">\n\t\t\t\t\t\t\t\tWie k\u00f6nnen wir Ihnen helfen?\t\t\t\t\t\t\t<\/label>\n\t\t\t\t\t\t<textarea class=\"elementor-field-textual elementor-field  elementor-size-md\" name=\"form_fields[message]\" id=\"form-field-message\" rows=\"6\" placeholder=\"Wie k\u00f6nnen wir Ihnen helfen?\" required=\"required\"><\/textarea>\t\t\t\t<\/div>\n\t\t\t\t\t\t\t\t<div class=\"elementor-field-type-upload elementor-field-group elementor-column elementor-field-group-btn_Field elementor-col-40\">\n\t\t\t\t\t\t\t<input type=\"file\" name=\"form_fields[btn_Field]\" id=\"form-field-btn_Field\" class=\"elementor-field elementor-size-md  elementor-upload-field\" data-maxsize=\"8\" data-maxsize-message=\"Diese Datei \u00fcbersteigt die maximale Dateigr\u00f6\u00dfe.\">\n\n\t\t\t\t\t\t<\/div>\n\t\t\t\t\t\t\t\t<div class=\"elementor-field-type-acceptance elementor-field-group elementor-column elementor-field-group-privacy elementor-col-100 elementor-field-required elementor-mark-required\">\n\t\t\t\t\t\t\t<div class=\"elementor-field-subgroup\">\n\t\t\t<span class=\"elementor-field-option\">\n\t\t\t\t<input type=\"checkbox\" name=\"form_fields[privacy]\" id=\"form-field-privacy\" class=\"elementor-field elementor-size-md  elementor-acceptance-field\" required=\"required\">\n\t\t\t\t<label for=\"form-field-privacy\">Ich habe die allgemeinen \n<a stye=\"text-decortaion:underline;\" rel=\"nofollow\" target=\"_blank\" href=\"\/de\/unternehmensdaten\/\"> Gesch\u00e4ftsbedingungen<\/a> und die <a stye=\"text-decortaion:underline;\" rel=\"nofollow\" target=\"_blank\" href=\"\/de\/datenschutz-und-datenverarbeitungspolitik-l-o-p-d\/\"> Datenschutzerkl\u00e4rung Policy<\/a> dieser Website gelesen und akzeptiere sie.<\/label>\t\t\t<\/span>\n\t\t<\/div>\n\t\t\t\t\t\t<\/div>\n\t\t\t\t\t\t\t\t<div class=\"elementor-field-group elementor-column elementor-field-type-submit elementor-col-100 e-form__buttons\">\n\t\t\t\t\t<button class=\"elementor-button elementor-size-sm\" type=\"submit\">\n\t\t\t\t\t\t<span class=\"elementor-button-content-wrapper\">\n\t\t\t\t\t\t\t\t\t\t\t\t\t\t\t\t\t\t\t\t\t\t<span class=\"elementor-button-text\">Anfrage absenden<\/span>\n\t\t\t\t\t\t\t\t\t\t\t\t\t<\/span>\n\t\t\t\t\t<\/button>\n\t\t\t\t<\/div>\n\t\t\t<\/div>\n\t\t<\/form>\n\t\t\t\t\t\t<\/div>\n\t\t\t\t<\/div>\n\t\t<div class=\"elementor-element elementor-element-34e01d6 e-con-full elementor-hidden-tablet elementor-hidden-mobile e-flex e-con e-child\" data-id=\"34e01d6\" data-element_type=\"container\">\n\t\t\t\t<\/div>\n\t\t\t\t\t<\/div>\n\t\t\t\t<\/div>\n\t\t\t\t<\/div>\n\t\t","protected":false},"excerpt":{"rendered":"<p>Kontaktieren Sie uns Wenn Sie Fragen haben oder weitere Informationen zu unseren Dienstleistungen ben\u00f6tigen, z\u00f6gern Sie bitte nicht, uns zu kontaktieren. +34 607 717 652 aas.translationservices@gmail.com Kontaktformular F\u00fcllen Sie das nachstehende Formular aus, um Informationen anzufordern, Fragen zu kl\u00e4ren oder ein Angebot zu erhalten<\/p>\n","protected":false},"author":1,"featured_media":0,"parent":0,"menu_order":0,"comment_status":"closed","ping_status":"closed","template":"elementor_header_footer","meta":{"_acf_changed":false,"footnotes":""},"class_list":["post-1850","page","type-page","status-publish","hentry"],"acf":[],"_links":{"self":[{"href":"https:\/\/www.misstraducciones.com\/de\/wp-json\/wp\/v2\/pages\/1850","targetHints":{"allow":["GET"]}}],"collection":[{"href":"https:\/\/www.misstraducciones.com\/de\/wp-json\/wp\/v2\/pages"}],"about":[{"href":"https:\/\/www.misstraducciones.com\/de\/wp-json\/wp\/v2\/types\/page"}],"author":[{"embeddable":true,"href":"https:\/\/www.misstraducciones.com\/de\/wp-json\/wp\/v2\/users\/1"}],"replies":[{"embeddable":true,"href":"https:\/\/www.misstraducciones.com\/de\/wp-json\/wp\/v2\/comments?post=1850"}],"version-history":[{"count":18,"href":"https:\/\/www.misstraducciones.com\/de\/wp-json\/wp\/v2\/pages\/1850\/revisions"}],"predecessor-version":[{"id":2425,"href":"https:\/\/www.misstraducciones.com\/de\/wp-json\/wp\/v2\/pages\/1850\/revisions\/2425"}],"wp:attachment":[{"href":"https:\/\/www.misstraducciones.com\/de\/wp-json\/wp\/v2\/media?parent=1850"}],"curies":[{"name":"wp","href":"https:\/\/api.w.org\/{rel}","templated":true}]}}