{"id":1865,"date":"2025-09-17T20:36:23","date_gmt":"2025-09-17T18:36:23","guid":{"rendered":"https:\/\/www.misstraducciones.com\/dienstleistungen\/"},"modified":"2025-11-20T21:46:24","modified_gmt":"2025-11-20T20:46:24","slug":"dienstleistungen","status":"publish","type":"page","link":"https:\/\/www.misstraducciones.com\/de\/dienstleistungen\/","title":{"rendered":"Dienstleistungen"},"content":{"rendered":"\t\t<div data-elementor-type=\"wp-page\" data-elementor-id=\"1865\" class=\"elementor elementor-1865 elementor-67\" data-elementor-post-type=\"page\">\n\t\t\t\t<div class=\"elementor-element elementor-element-9fa6456 e-flex e-con-boxed e-con e-parent\" data-id=\"9fa6456\" data-element_type=\"container\" data-settings=\"{&quot;background_background&quot;:&quot;classic&quot;}\">\n\t\t\t\t\t<div class=\"e-con-inner\">\n\t\t<div class=\"elementor-element elementor-element-c0a0b7f e-con-full e-flex e-con e-child\" data-id=\"c0a0b7f\" data-element_type=\"container\">\n\t\t\t\t<div class=\"elementor-element elementor-element-bce72bc elementor-widget elementor-widget-heading\" data-id=\"bce72bc\" data-element_type=\"widget\" data-widget_type=\"heading.default\">\n\t\t\t\t\t<h1 class=\"elementor-heading-title elementor-size-default\">Dienstleistungen<\/h1>\t\t\t\t<\/div>\n\t\t\t\t<div class=\"elementor-element elementor-element-c7e3137 elementor-widget elementor-widget-text-editor\" data-id=\"c7e3137\" data-element_type=\"widget\" data-widget_type=\"text-editor.default\">\n\t\t\t\t\t\t\t\t\t<p><span style=\"font-weight: 400;\">Mit \u00fcber 15 Jahren internationaler Erfahrung als \u00dcbersetzerin, Dolmetscherin, Autorin und Koordinatorin interkultureller Projekte biete ich ein Spektrum an sprachlichen und redaktionellen Dienstleistungen, individuell angepasst auf die Bed\u00fcrfnisse jeder Kund*in. Ich arbeite professionell, nahbar und engagiert und achte sowohl auf Inhalt als auch auf kommunikative Absicht jedes Textes oder Gespr\u00e4chs.<\/span><\/p>\t\t\t\t\t\t\t\t<\/div>\n\t\t\t\t<\/div>\n\t\t<div class=\"elementor-element elementor-element-70beef8 e-con-full elementor-hidden-tablet elementor-hidden-mobile e-flex e-con e-child\" data-id=\"70beef8\" data-element_type=\"container\">\n\t\t\t\t<\/div>\n\t\t<div class=\"elementor-element elementor-element-6d6a2ad e-con-full e-flex e-con e-child\" data-id=\"6d6a2ad\" data-element_type=\"container\">\n\t\t<div class=\"elementor-element elementor-element-e1a585f e-con-full e-flex e-con e-child\" data-id=\"e1a585f\" data-element_type=\"container\" data-settings=\"{&quot;background_background&quot;:&quot;classic&quot;}\">\n\t\t\t\t<\/div>\n\t\t\t\t<\/div>\n\t\t\t\t\t<\/div>\n\t\t\t\t<\/div>\n\t\t<div class=\"elementor-element elementor-element-7846a34 e-flex e-con-boxed e-con e-parent\" data-id=\"7846a34\" data-element_type=\"container\">\n\t\t\t\t\t<div class=\"e-con-inner\">\n\t\t<div class=\"elementor-element elementor-element-35bc282 e-con-full e-flex e-con e-child\" data-id=\"35bc282\" data-element_type=\"container\" data-settings=\"{&quot;background_background&quot;:&quot;classic&quot;}\">\n\t\t<div class=\"elementor-element elementor-element-ee57ae7 e-con-full e-flex e-con e-child\" data-id=\"ee57ae7\" data-element_type=\"container\" data-settings=\"{&quot;background_background&quot;:&quot;classic&quot;,&quot;sticky&quot;:&quot;top&quot;,&quot;sticky_parent&quot;:&quot;yes&quot;,&quot;sticky_on&quot;:[&quot;desktop&quot;,&quot;tablet&quot;,&quot;mobile&quot;],&quot;sticky_offset&quot;:0,&quot;sticky_effects_offset&quot;:0,&quot;sticky_anchor_link_offset&quot;:0}\">\n\t\t\t\t<\/div>\n\t\t\t\t<\/div>\n\t\t<div class=\"elementor-element elementor-element-c9f9f90 e-con-full elementor-hidden-tablet elementor-hidden-mobile e-flex e-con e-child\" data-id=\"c9f9f90\" data-element_type=\"container\">\n\t\t\t\t<\/div>\n\t\t<div class=\"elementor-element elementor-element-790e5f0 e-con-full e-flex e-con e-child\" data-id=\"790e5f0\" data-element_type=\"container\">\n\t\t\t\t<div class=\"elementor-element elementor-element-4315147 elementor-widget elementor-widget-heading\" data-id=\"4315147\" data-element_type=\"widget\" data-widget_type=\"heading.default\">\n\t\t\t\t\t<h2 class=\"elementor-heading-title elementor-size-default\"> Beglaubigte und spezialisierte \u00dcbersetzung<\/h2>\t\t\t\t<\/div>\n\t\t\t\t<div class=\"elementor-element elementor-element-e140cfa elementor-widget elementor-widget-text-editor\" data-id=\"e140cfa\" data-element_type=\"widget\" data-widget_type=\"text-editor.default\">\n\t\t\t\t\t\t\t\t\tIch biete pr\u00e4zise und kontextgerechte \u00dcbersetzungen &#8211; f\u00fcr offizielle Verfahren ebenso wie technische Kommunikation. Im Laufe meiner Karriere habe ich eng mit Notariaten, Anwaltskanzleien, Beratungsb\u00fcros und Verwaltungsagenturen zusammengearbeitet und beglaubigte und spezialisierte \u00dcbersetzungen angeboten, die den im Rechtsbereich geforderten Standards entsprechen.\t\t\t\t\t\t\t\t<\/div>\n\t\t\t\t<div class=\"elementor-element elementor-element-430f5de elementor-widget elementor-widget-text-editor\" data-id=\"430f5de\" data-element_type=\"widget\" data-widget_type=\"text-editor.default\">\n\t\t\t\t\t\t\t\t\tDar\u00fcber hinaus verf\u00fcge ich \u00fcber ein Netzwerk von vereidigten \u00dcbersetzern f\u00fcr andere Sprachen, wodurch wir mehr Sprachkombinationen abdecken und einen umfassenderen Service anbieten k\u00f6nnen.\t\t\t\t\t\t\t\t<\/div>\n\t\t\t\t<div class=\"elementor-element elementor-element-a6c31d4 elementor-widget elementor-widget-text-editor\" data-id=\"a6c31d4\" data-element_type=\"widget\" data-widget_type=\"text-editor.default\">\n\t\t\t\t\t\t\t\t\tIch bin mir der knappen Fristen und der Genauigkeit bewusst, die diese Art von Dokumenten erfordern, und deshalb vertrauen mir viele Fachleute als regelm\u00e4\u00dfige Mitarbeiterin. \t\t\t\t\t\t\t\t<\/div>\n\t\t\t\t<div class=\"elementor-element elementor-element-1447aab elementor-widget elementor-widget-heading\" data-id=\"1447aab\" data-element_type=\"widget\" data-widget_type=\"heading.default\">\n\t\t\t\t\t<h3 class=\"elementor-heading-title elementor-size-default\">Beglaubigte \u00dcbersetzung<\/h3>\t\t\t\t<\/div>\n\t\t\t\t<div class=\"elementor-element elementor-element-f0b0dc2 elementor-widget elementor-widget-text-editor\" data-id=\"f0b0dc2\" data-element_type=\"widget\" data-widget_type=\"text-editor.default\">\n\t\t\t\t\t\t\t\t\tVereidigte \u00dcbersetzerin und Dolmetscherin f\u00fcr Deutsch, benannt von MAEC. Ich fertige amtliche \u00dcbersetzungen mit rechtlicher G\u00fcltigkeit gegen\u00fcber Beh\u00f6rden, akademischen Einrichtungen, Gerichten und Notariaten an.\t\t\t\t\t\t\t\t<\/div>\n\t\t\t\t<div class=\"elementor-element elementor-element-9d8b3a5 elementor-widget elementor-widget-text-editor\" data-id=\"9d8b3a5\" data-element_type=\"widget\" data-widget_type=\"text-editor.default\">\n\t\t\t\t\t\t\t\t\t<ul><li style=\"font-weight: 400;\" aria-level=\"1\"><span style=\"font-weight: 400;\">Abschl\u00fcsse und Zeugnisse<\/span><\/li><li style=\"font-weight: 400;\" aria-level=\"1\"><span style=\"font-weight: 400;\">Ausweisdokumente, P\u00e4sse, F\u00fchrerscheine<\/span><\/li><li style=\"font-weight: 400;\" aria-level=\"1\"><span style=\"font-weight: 400;\">Geburts-, Heirats-, Sterbe- und Meldebescheinigungen<\/span><\/li><li style=\"font-weight: 400;\" aria-level=\"1\"><span style=\"font-weight: 400;\">Vollmachten, Testamente und Nachlassdokumente<\/span><\/li><li style=\"font-weight: 400;\" aria-level=\"1\"><span style=\"font-weight: 400;\">Arbeits-, Kauf-, Schenkungs-, Ehe- und private Vertr\u00e4ge<\/span><\/li><li style=\"font-weight: 400;\" aria-level=\"1\"><span style=\"font-weight: 400;\">Gerichtsurteile, Scheidungsbeschl\u00fcsse, Verwaltungsbeschl\u00fcsse<\/span><\/li><li style=\"font-weight: 400;\" aria-level=\"1\"><span style=\"font-weight: 400;\">Patente, Atteste, notarielle Urkunden<\/span><\/li><li style=\"font-weight: 400;\" aria-level=\"1\"><span style=\"font-weight: 400;\">Katasterunterlagen, Kontoausz\u00fcge, Steuererkl\u00e4rungen<\/span><\/li><li style=\"font-weight: 400;\" aria-level=\"1\"><span style=\"font-weight: 400;\">Handelsregister- und Strafregisterbescheinigungen<\/span><\/li><\/ul>\t\t\t\t\t\t\t\t<\/div>\n\t\t\t\t<div class=\"elementor-element elementor-element-bed0c2b elementor-widget elementor-widget-heading\" data-id=\"bed0c2b\" data-element_type=\"widget\" data-widget_type=\"heading.default\">\n\t\t\t\t\t<h3 class=\"elementor-heading-title elementor-size-default\">Fach\u00fcbersetzung<\/h3>\t\t\t\t<\/div>\n\t\t\t\t<div class=\"elementor-element elementor-element-d0214d3 elementor-widget elementor-widget-text-editor\" data-id=\"d0214d3\" data-element_type=\"widget\" data-widget_type=\"text-editor.default\">\n\t\t\t\t\t\t\t\t\t<ul><li style=\"font-weight: 400;\" aria-level=\"1\"><span style=\"font-weight: 400;\">Juristische und administrative Texte<\/span><\/li><li style=\"font-weight: 400;\" aria-level=\"1\"><span style=\"font-weight: 400;\">Technische Handb\u00fccher und Fachdokumentation<\/span><\/li><li style=\"font-weight: 400;\" aria-level=\"1\"><span style=\"font-weight: 400;\">Touristische und kulturelle Inhalte<\/span><\/li><li style=\"font-weight: 400;\" aria-level=\"1\"><span style=\"font-weight: 400;\">Unternehmens-, Werbe- und Marketingtexte<\/span><\/li><li style=\"font-weight: 400;\" aria-level=\"1\"><span style=\"font-weight: 400;\">Software-Lokalisierung und Website-\u00dcbersetzung<\/span><\/li><li style=\"font-weight: 400;\" aria-level=\"1\"><span style=\"font-weight: 400;\">Doktorarbeiten und wissenschaftliche Publikationen<\/span><\/li><\/ul>\t\t\t\t\t\t\t\t<\/div>\n\t\t\t\t<\/div>\n\t\t\t\t\t<\/div>\n\t\t\t\t<\/div>\n\t\t<div class=\"elementor-element elementor-element-7a22cd5 e-flex e-con-boxed e-con e-parent\" data-id=\"7a22cd5\" data-element_type=\"container\">\n\t\t\t\t\t<div class=\"e-con-inner\">\n\t\t\t\t<div class=\"elementor-element elementor-element-fbb52da elementor-widget-divider--view-line elementor-widget elementor-widget-divider\" data-id=\"fbb52da\" data-element_type=\"widget\" data-widget_type=\"divider.default\">\n\t\t\t\t\t\t\t<div class=\"elementor-divider\">\n\t\t\t<span class=\"elementor-divider-separator\">\n\t\t\t\t\t\t<\/span>\n\t\t<\/div>\n\t\t\t\t\t\t<\/div>\n\t\t\t\t\t<\/div>\n\t\t\t\t<\/div>\n\t\t<div class=\"elementor-element elementor-element-73e9f07 e-flex e-con-boxed e-con e-parent\" data-id=\"73e9f07\" data-element_type=\"container\">\n\t\t\t\t\t<div class=\"e-con-inner\">\n\t\t<div class=\"elementor-element elementor-element-e6b76c4 e-con-full e-flex e-con e-child\" data-id=\"e6b76c4\" data-element_type=\"container\" data-settings=\"{&quot;background_background&quot;:&quot;classic&quot;}\">\n\t\t<div class=\"elementor-element elementor-element-636ad5e e-con-full e-flex e-con e-child\" data-id=\"636ad5e\" data-element_type=\"container\" data-settings=\"{&quot;background_background&quot;:&quot;classic&quot;,&quot;sticky&quot;:&quot;top&quot;,&quot;sticky_parent&quot;:&quot;yes&quot;,&quot;sticky_on&quot;:[&quot;desktop&quot;,&quot;tablet&quot;,&quot;mobile&quot;],&quot;sticky_offset&quot;:0,&quot;sticky_effects_offset&quot;:0,&quot;sticky_anchor_link_offset&quot;:0}\">\n\t\t\t\t<\/div>\n\t\t\t\t<\/div>\n\t\t<div class=\"elementor-element elementor-element-3cdae97 e-con-full elementor-hidden-tablet elementor-hidden-mobile e-flex e-con e-child\" data-id=\"3cdae97\" data-element_type=\"container\">\n\t\t\t\t<\/div>\n\t\t<div class=\"elementor-element elementor-element-f5b94d5 e-con-full e-flex e-con e-child\" data-id=\"f5b94d5\" data-element_type=\"container\">\n\t\t\t\t<div class=\"elementor-element elementor-element-076a4f9 elementor-widget elementor-widget-heading\" data-id=\"076a4f9\" data-element_type=\"widget\" data-widget_type=\"heading.default\">\n\t\t\t\t\t<h2 class=\"elementor-heading-title elementor-size-default\">Dolmetschen &amp; Begleitung<\/h2>\t\t\t\t<\/div>\n\t\t\t\t<div class=\"elementor-element elementor-element-42180b6 elementor-widget elementor-widget-text-editor\" data-id=\"42180b6\" data-element_type=\"widget\" data-widget_type=\"text-editor.default\">\n\t\t\t\t\t\t\t\t\tSprachliche Begleitung bei Gesch\u00e4ftstreffen, Schulungen, Fachmessen und internationalen Reisen. Ich unterst\u00fctze die Kommunikation zwischen Kulturen und verschiedenen Kontexten.\t\t\t\t\t\t\t\t<\/div>\n\t\t\t\t<div class=\"elementor-element elementor-element-00b0ee4 elementor-widget elementor-widget-heading\" data-id=\"00b0ee4\" data-element_type=\"widget\" data-widget_type=\"heading.default\">\n\t\t\t\t\t<h3 class=\"elementor-heading-title elementor-size-default\">Simultan-, Konsekutiv- &amp; Liaisondolmetschen<\/h3>\t\t\t\t<\/div>\n\t\t\t\t<div class=\"elementor-element elementor-element-a4d14dc elementor-widget elementor-widget-text-editor\" data-id=\"a4d14dc\" data-element_type=\"widget\" data-widget_type=\"text-editor.default\">\n\t\t\t\t\t\t\t\t\t<p><span style=\"font-weight: 400;\">Vor Ort oder remote, in den Bereichen Tourismus, Wirtschaft oder Bildung.<\/span><\/p>\t\t\t\t\t\t\t\t<\/div>\n\t\t\t\t<div class=\"elementor-element elementor-element-85421ef elementor-widget elementor-widget-text-editor\" data-id=\"85421ef\" data-element_type=\"widget\" data-widget_type=\"text-editor.default\">\n\t\t\t\t\t\t\t\t\t<ul><li style=\"font-weight: 400;\" aria-level=\"1\"><span style=\"font-weight: 400;\">Gesch\u00e4ftstreffen und Interviews<\/span><\/li><li style=\"font-weight: 400;\" aria-level=\"1\"><span style=\"font-weight: 400;\">Fachmessen und Firmenevents<\/span><\/li><li style=\"font-weight: 400;\" aria-level=\"1\"><span style=\"font-weight: 400;\">Yogaschulungen: Philosophie, Anatomie, Meditation, Asana<\/span><\/li><\/ul>\t\t\t\t\t\t\t\t<\/div>\n\t\t\t\t<div class=\"elementor-element elementor-element-8a0fd97 elementor-widget elementor-widget-heading\" data-id=\"8a0fd97\" data-element_type=\"widget\" data-widget_type=\"heading.default\">\n\t\t\t\t\t<h3 class=\"elementor-heading-title elementor-size-default\">Koordination von ma\u00dfgeschneiderten Reisen<\/h3>\t\t\t\t<\/div>\n\t\t\t\t<div class=\"elementor-element elementor-element-89c37cd elementor-widget elementor-widget-text-editor\" data-id=\"89c37cd\" data-element_type=\"widget\" data-widget_type=\"text-editor.default\">\n\t\t\t\t\t\t\t\t\t<p><span style=\"font-weight: 400;\">Planung und Organisation kulturell-spirituell gepr\u00e4gter Reisen mit Fokus auf Yoga.<\/span><\/p>\t\t\t\t\t\t\t\t<\/div>\n\t\t\t\t<div class=\"elementor-element elementor-element-bdfdefe elementor-widget elementor-widget-text-editor\" data-id=\"bdfdefe\" data-element_type=\"widget\" data-widget_type=\"text-editor.default\">\n\t\t\t\t\t\t\t\t\t<ul><li style=\"font-weight: 400;\" aria-level=\"1\"><span style=\"font-weight: 400;\">Ma\u00dfgeschneiderte Reisen mit Schwerpunkt Yoga und Spiritualit\u00e4t (Indien)<\/span><\/li><li style=\"font-weight: 400;\" aria-level=\"1\"><span style=\"font-weight: 400;\">Sprachliche Begleitung und kulturelle Vermittlung<\/span><\/li><li style=\"font-weight: 400;\" aria-level=\"1\"><span style=\"font-weight: 400;\">Gruppenkoordination und Zusammenarbeit mit Reiseagenturen in Asien und Lateinamerika<\/span><\/li><\/ul>\t\t\t\t\t\t\t\t<\/div>\n\t\t\t\t<\/div>\n\t\t\t\t\t<\/div>\n\t\t\t\t<\/div>\n\t\t<div class=\"elementor-element elementor-element-2223ea1 e-flex e-con-boxed e-con e-parent\" data-id=\"2223ea1\" data-element_type=\"container\">\n\t\t\t\t\t<div class=\"e-con-inner\">\n\t\t\t\t<div class=\"elementor-element elementor-element-c3b14c8 elementor-widget-divider--view-line elementor-widget elementor-widget-divider\" data-id=\"c3b14c8\" data-element_type=\"widget\" data-widget_type=\"divider.default\">\n\t\t\t\t\t\t\t<div class=\"elementor-divider\">\n\t\t\t<span class=\"elementor-divider-separator\">\n\t\t\t\t\t\t<\/span>\n\t\t<\/div>\n\t\t\t\t\t\t<\/div>\n\t\t\t\t\t<\/div>\n\t\t\t\t<\/div>\n\t\t<div class=\"elementor-element elementor-element-50d74f2 e-flex e-con-boxed e-con e-parent\" data-id=\"50d74f2\" data-element_type=\"container\">\n\t\t\t\t\t<div class=\"e-con-inner\">\n\t\t<div class=\"elementor-element elementor-element-7ecc775 e-con-full e-flex e-con e-child\" data-id=\"7ecc775\" data-element_type=\"container\" data-settings=\"{&quot;background_background&quot;:&quot;classic&quot;}\">\n\t\t<div class=\"elementor-element elementor-element-3d519e2 e-con-full e-flex e-con e-child\" data-id=\"3d519e2\" data-element_type=\"container\" data-settings=\"{&quot;background_background&quot;:&quot;classic&quot;,&quot;sticky&quot;:&quot;top&quot;,&quot;sticky_parent&quot;:&quot;yes&quot;,&quot;sticky_on&quot;:[&quot;desktop&quot;,&quot;tablet&quot;,&quot;mobile&quot;],&quot;sticky_offset&quot;:0,&quot;sticky_effects_offset&quot;:0,&quot;sticky_anchor_link_offset&quot;:0}\">\n\t\t\t\t<\/div>\n\t\t\t\t<\/div>\n\t\t<div class=\"elementor-element elementor-element-38c96af e-con-full elementor-hidden-tablet elementor-hidden-mobile e-flex e-con e-child\" data-id=\"38c96af\" data-element_type=\"container\">\n\t\t\t\t<\/div>\n\t\t<div class=\"elementor-element elementor-element-69414cd e-con-full e-flex e-con e-child\" data-id=\"69414cd\" data-element_type=\"container\">\n\t\t\t\t<div class=\"elementor-element elementor-element-88b743b elementor-widget elementor-widget-heading\" data-id=\"88b743b\" data-element_type=\"widget\" data-widget_type=\"heading.default\">\n\t\t\t\t\t<h2 class=\"elementor-heading-title elementor-size-default\">Schreiben, Content &amp; Lektorat<\/h2>\t\t\t\t<\/div>\n\t\t\t\t<div class=\"elementor-element elementor-element-9c384cf elementor-widget elementor-widget-text-editor\" data-id=\"9c384cf\" data-element_type=\"widget\" data-widget_type=\"text-editor.default\">\n\t\t\t\t\t\t\t\t\t Ich formuliere Inhalte mit Herz und Pr\u00e4zision, verbindet erz\u00e4hlt-stilistische, technische und strategische Elemente. Ich bringe redaktionellen Blick, Reiseerfahrung und Anpassungsf\u00e4higkeit ein.\t\t\t\t\t\t\t\t<\/div>\n\t\t\t\t<div class=\"elementor-element elementor-element-6776b8e elementor-widget elementor-widget-heading\" data-id=\"6776b8e\" data-element_type=\"widget\" data-widget_type=\"heading.default\">\n\t\t\t\t\t<h3 class=\"elementor-heading-title elementor-size-default\">Schreiben &amp; Content-Erstellung<\/h3>\t\t\t\t<\/div>\n\t\t\t\t<div class=\"elementor-element elementor-element-c97b842 elementor-widget elementor-widget-text-editor\" data-id=\"c97b842\" data-element_type=\"widget\" data-widget_type=\"text-editor.default\">\n\t\t\t\t\t\t\t\t\t<ul><li style=\"font-weight: 400;\" aria-level=\"1\"><span style=\"font-weight: 400;\">Artikel zu Reisen, Wellness und pers\u00f6nlicher Entwicklung (<\/span><i><span style=\"font-weight: 400;\">Yoga Spirit<\/span><\/i><span style=\"font-weight: 400;\"> u. a.)<\/span><\/li><li style=\"font-weight: 400;\" aria-level=\"1\"><span style=\"font-weight: 400;\">Blog-Beitr\u00e4ge, digitale Medien und Magazine<\/span><\/li><li style=\"font-weight: 400;\" aria-level=\"1\"><span style=\"font-weight: 400;\">Institutionelle, kulturelle und touristische Texte<\/span><\/li><li style=\"font-weight: 400;\" aria-level=\"1\"><span style=\"font-weight: 400;\">Content-Anpassungen f\u00fcr soziale Netzwerke<\/span><\/li><\/ul>\t\t\t\t\t\t\t\t<\/div>\n\t\t\t\t<div class=\"elementor-element elementor-element-64600a2 elementor-widget elementor-widget-heading\" data-id=\"64600a2\" data-element_type=\"widget\" data-widget_type=\"heading.default\">\n\t\t\t\t\t<h3 class=\"elementor-heading-title elementor-size-default\">Lektorat &amp; Korrektur<\/h3>\t\t\t\t<\/div>\n\t\t\t\t<div class=\"elementor-element elementor-element-f71a58b elementor-widget elementor-widget-text-editor\" data-id=\"f71a58b\" data-element_type=\"widget\" data-widget_type=\"text-editor.default\">\n\t\t\t\t\t\t\t\t\t<p><span style=\"font-weight: 400;\">Orthotypografische, grammatikalische und stilistische \u00dcberarbeitungen zur Sicherstellung eines klaren und professionellen Ausdrucks.<\/span><\/p>\t\t\t\t\t\t\t\t<\/div>\n\t\t\t\t<div class=\"elementor-element elementor-element-5c5e599 elementor-widget elementor-widget-text-editor\" data-id=\"5c5e599\" data-element_type=\"widget\" data-widget_type=\"text-editor.default\">\n\t\t\t\t\t\t\t\t\t<ul><li style=\"font-weight: 400;\" aria-level=\"1\"><span style=\"font-weight: 400;\">Akademische und wissenschaftliche Artikel<\/span><\/li><li style=\"font-weight: 400;\" aria-level=\"1\"><span style=\"font-weight: 400;\">Technische Berichte und Unternehmensdokumente<\/span><\/li><li style=\"font-weight: 400;\" aria-level=\"1\"><span style=\"font-weight: 400;\">Touristische, redaktionelle und Werbeinhalte<\/span><\/li><\/ul>\t\t\t\t\t\t\t\t<\/div>\n\t\t\t\t<\/div>\n\t\t\t\t\t<\/div>\n\t\t\t\t<\/div>\n\t\t<div class=\"elementor-element elementor-element-9f9ba63 e-flex e-con-boxed e-con e-parent\" data-id=\"9f9ba63\" data-element_type=\"container\" data-settings=\"{&quot;background_background&quot;:&quot;classic&quot;}\">\n\t\t\t\t\t<div class=\"e-con-inner\">\n\t\t<div class=\"elementor-element elementor-element-f06e0f2 e-con-full e-flex e-con e-child\" data-id=\"f06e0f2\" data-element_type=\"container\">\n\t\t<div class=\"elementor-element elementor-element-39a774a e-con-full elementor-hidden-tablet elementor-hidden-mobile e-flex e-con e-child\" data-id=\"39a774a\" data-element_type=\"container\">\n\t\t\t\t<\/div>\n\t\t<div class=\"elementor-element elementor-element-2d9727c e-con-full e-flex e-con e-child\" data-id=\"2d9727c\" data-element_type=\"container\">\n\t\t\t\t<div class=\"elementor-element elementor-element-576eb28 elementor-widget elementor-widget-heading\" data-id=\"576eb28\" data-element_type=\"widget\" data-widget_type=\"heading.default\">\n\t\t\t\t\t<div class=\"elementor-heading-title elementor-size-default\"> Brauchen Sie ein Angebot? Sprechen wir!<\/div>\t\t\t\t<\/div>\n\t\t\t\t<div class=\"elementor-element elementor-element-08e2a4e elementor-widget elementor-widget-text-editor\" data-id=\"08e2a4e\" data-element_type=\"widget\" data-widget_type=\"text-editor.default\">\n\t\t\t\t\t\t\t\t\tIch freue mich darauf, Ihnen eine ma\u00dfgeschneiderte L\u00f6sung anzubieten.\t\t\t\t\t\t\t\t<\/div>\n\t\t\t\t<div class=\"elementor-element elementor-element-24d7c34 elementor-align-center elementor-widget elementor-widget-button\" data-id=\"24d7c34\" data-element_type=\"widget\" data-widget_type=\"button.default\">\n\t\t\t\t\t\t\t\t\t\t<a class=\"elementor-button elementor-button-link elementor-size-sm\" href=\"https:\/\/www.misstraducciones.com\/de\/kontakt\/\">\n\t\t\t\t\t\t<span class=\"elementor-button-content-wrapper\">\n\t\t\t\t\t\t\t\t\t<span class=\"elementor-button-text\">Jetzt kontaktieren<\/span>\n\t\t\t\t\t<\/span>\n\t\t\t\t\t<\/a>\n\t\t\t\t\t\t\t\t<\/div>\n\t\t\t\t<\/div>\n\t\t<div class=\"elementor-element elementor-element-0df6714 e-con-full elementor-hidden-tablet elementor-hidden-mobile e-flex e-con e-child\" data-id=\"0df6714\" data-element_type=\"container\">\n\t\t\t\t<\/div>\n\t\t\t\t<\/div>\n\t\t\t\t\t<\/div>\n\t\t\t\t<\/div>\n\t\t\t\t<\/div>\n\t\t","protected":false},"excerpt":{"rendered":"<p>Dienstleistungen Mit \u00fcber 15 Jahren internationaler Erfahrung als \u00dcbersetzerin, Dolmetscherin, Autorin und Koordinatorin interkultureller Projekte biete ich ein Spektrum an sprachlichen und redaktionellen Dienstleistungen, individuell angepasst auf die Bed\u00fcrfnisse jeder Kund*in. Ich arbeite professionell, nahbar und engagiert und achte sowohl auf Inhalt als auch auf kommunikative Absicht jedes Textes oder Gespr\u00e4chs. Beglaubigte und spezialisierte \u00dcbersetzung [&hellip;]<\/p>\n","protected":false},"author":1,"featured_media":0,"parent":0,"menu_order":0,"comment_status":"closed","ping_status":"closed","template":"elementor_header_footer","meta":{"_acf_changed":false,"footnotes":""},"class_list":["post-1865","page","type-page","status-publish","hentry"],"acf":[],"_links":{"self":[{"href":"https:\/\/www.misstraducciones.com\/de\/wp-json\/wp\/v2\/pages\/1865","targetHints":{"allow":["GET"]}}],"collection":[{"href":"https:\/\/www.misstraducciones.com\/de\/wp-json\/wp\/v2\/pages"}],"about":[{"href":"https:\/\/www.misstraducciones.com\/de\/wp-json\/wp\/v2\/types\/page"}],"author":[{"embeddable":true,"href":"https:\/\/www.misstraducciones.com\/de\/wp-json\/wp\/v2\/users\/1"}],"replies":[{"embeddable":true,"href":"https:\/\/www.misstraducciones.com\/de\/wp-json\/wp\/v2\/comments?post=1865"}],"version-history":[{"count":15,"href":"https:\/\/www.misstraducciones.com\/de\/wp-json\/wp\/v2\/pages\/1865\/revisions"}],"predecessor-version":[{"id":2322,"href":"https:\/\/www.misstraducciones.com\/de\/wp-json\/wp\/v2\/pages\/1865\/revisions\/2322"}],"wp:attachment":[{"href":"https:\/\/www.misstraducciones.com\/de\/wp-json\/wp\/v2\/media?parent=1865"}],"curies":[{"name":"wp","href":"https:\/\/api.w.org\/{rel}","templated":true}]}}