{"id":2158,"date":"2025-10-12T21:09:05","date_gmt":"2025-10-12T19:09:05","guid":{"rendered":"https:\/\/www.misstraducciones.com\/datenschutz-und-datenverarbeitungspolitik-l-o-p-d\/"},"modified":"2025-11-18T19:42:37","modified_gmt":"2025-11-18T18:42:37","slug":"datenschutz-und-datenverarbeitungspolitik-l-o-p-d","status":"publish","type":"page","link":"https:\/\/www.misstraducciones.com\/de\/datenschutz-und-datenverarbeitungspolitik-l-o-p-d\/","title":{"rendered":"Datenschutz- und Datenverarbeitungspolitik (L.O.P.D.)"},"content":{"rendered":"\t\t<div data-elementor-type=\"wp-page\" data-elementor-id=\"2158\" class=\"elementor elementor-2158 elementor-1579\" data-elementor-post-type=\"page\">\n\t\t\t\t<div class=\"elementor-element elementor-element-32811c7 e-flex e-con-boxed e-con e-parent\" data-id=\"32811c7\" data-element_type=\"container\" data-settings=\"{&quot;background_background&quot;:&quot;classic&quot;}\">\n\t\t\t\t\t<div class=\"e-con-inner\">\n\t\t<div class=\"elementor-element elementor-element-e5c255f e-con-full e-flex e-con e-child\" data-id=\"e5c255f\" data-element_type=\"container\" data-settings=\"{&quot;background_background&quot;:&quot;classic&quot;}\">\n\t\t\t\t<div class=\"elementor-element elementor-element-116fc98 elementor-widget elementor-widget-heading\" data-id=\"116fc98\" data-element_type=\"widget\" data-widget_type=\"heading.default\">\n\t\t\t\t\t<h1 class=\"elementor-heading-title elementor-size-default\">Datenschutz- und Datenschutzerkl\u00e4rung<\/h1>\t\t\t\t<\/div>\n\t\t\t\t<\/div>\n\t\t\t\t\t<\/div>\n\t\t\t\t<\/div>\n\t\t<div class=\"elementor-element elementor-element-7b99334 e-flex e-con-boxed e-con e-parent\" data-id=\"7b99334\" data-element_type=\"container\">\n\t\t\t\t\t<div class=\"e-con-inner\">\n\t\t\t\t<div class=\"elementor-element elementor-element-e22362a elementor-widget elementor-widget-text-editor\" data-id=\"e22362a\" data-element_type=\"widget\" data-widget_type=\"text-editor.default\">\n\t\t\t\t\t\t\t\t\t<p>Ana Albors informiert die Nutzer dieser Website dar\u00fcber, dass sie in strikter \u00dcbereinstimmung mit den datenschutzrechtlichen Bestimmungen eine automatisierte Datei mit den personenbezogenen Daten erstellen kann, die dem oben genannten Inhaber infolge der Nutzung dieser Website, durch das Versenden von E-Mails oder \u00fcber das Kontaktformular zur Kenntnis gebracht werden.<\/p><p>In Erf\u00fcllung der Bestimmungen des Organgesetzes 15\/1999 vom 13. Dezember \u00fcber den Schutz personenbezogener Daten k\u00f6nnen die Nutzer jederzeit ihre Rechte auf Zugang, Berichtigung, Widerspruch und L\u00f6schung der erhobenen und gespeicherten Daten aus\u00fcben. Die Aus\u00fcbung dieser Rechte muss durch eine schriftliche Mitteilung an den Gesch\u00e4ftssitz von Ana Albors oder an die E-Mail-Adresse aas.translationservices@gmail.com erfolgen, wobei in jedem Fall der Vermerk \u201ePersonenbezogene Daten\u201c sowie das geltend gemachte Recht anzugeben ist und eine Kopie des Personalausweises beizuf\u00fcgen ist. <\/p><p>Die registrierten Daten k\u00f6nnen zu dem Zweck verwendet werden, Ihnen unsere Dienstleistungen bereitzustellen und\/oder anzubieten, Statistiken zu erstellen, Werbung \u2013 auch auf elektronischem Wege \u2013 zu versenden, Vorf\u00e4lle zu bearbeiten oder Marktstudien durchzuf\u00fchren, unter anderem.<\/p><p>Gegebenenfalls k\u00f6nnen die vom Nutzer zur Verf\u00fcgung gestellten personenbezogenen Daten ausschlie\u00dflich zur Erf\u00fcllung der oben genannten Zwecke und mit vorheriger Zustimmung der betroffenen Personen an Dritte \u00fcbermittelt werden. Diese Zustimmung gilt als erteilt, sofern sie nicht innerhalb von f\u00fcnfzehn Tagen nach Bereitstellung der Daten ausdr\u00fccklich das Gegenteil erkl\u00e4ren. In jedem Fall kann die erteilte Zustimmung jederzeit durch eine schriftliche Mitteilung an den Gesch\u00e4ftssitz des Inhabers widerrufen werden, mit dem Vermerk \u201eL\u00f6schung personenbezogener Daten\u201c. <\/p><\/div>\n\t\t\t\t\t\t\t\t<\/div>\n\t\t\t\t\t<\/div>\n\t\t\t\t<\/div>\n\t\t\t\t<\/div>\n\t\t","protected":false},"excerpt":{"rendered":"<p>Datenschutz- und Datenschutzerkl\u00e4rung Ana Albors informiert die Nutzer dieser Website dar\u00fcber, dass sie in strikter \u00dcbereinstimmung mit den datenschutzrechtlichen Bestimmungen eine automatisierte Datei mit den personenbezogenen Daten erstellen kann, die dem oben genannten Inhaber infolge der Nutzung dieser Website, durch das Versenden von E-Mails oder \u00fcber das Kontaktformular zur Kenntnis gebracht werden. In Erf\u00fcllung der [&hellip;]<\/p>\n","protected":false},"author":1,"featured_media":0,"parent":0,"menu_order":0,"comment_status":"closed","ping_status":"closed","template":"elementor_header_footer","meta":{"_acf_changed":false,"footnotes":""},"class_list":["post-2158","page","type-page","status-publish","hentry"],"acf":[],"_links":{"self":[{"href":"https:\/\/www.misstraducciones.com\/de\/wp-json\/wp\/v2\/pages\/2158","targetHints":{"allow":["GET"]}}],"collection":[{"href":"https:\/\/www.misstraducciones.com\/de\/wp-json\/wp\/v2\/pages"}],"about":[{"href":"https:\/\/www.misstraducciones.com\/de\/wp-json\/wp\/v2\/types\/page"}],"author":[{"embeddable":true,"href":"https:\/\/www.misstraducciones.com\/de\/wp-json\/wp\/v2\/users\/1"}],"replies":[{"embeddable":true,"href":"https:\/\/www.misstraducciones.com\/de\/wp-json\/wp\/v2\/comments?post=2158"}],"version-history":[{"count":2,"href":"https:\/\/www.misstraducciones.com\/de\/wp-json\/wp\/v2\/pages\/2158\/revisions"}],"predecessor-version":[{"id":2160,"href":"https:\/\/www.misstraducciones.com\/de\/wp-json\/wp\/v2\/pages\/2158\/revisions\/2160"}],"wp:attachment":[{"href":"https:\/\/www.misstraducciones.com\/de\/wp-json\/wp\/v2\/media?parent=2158"}],"curies":[{"name":"wp","href":"https:\/\/api.w.org\/{rel}","templated":true}]}}