{"id":2163,"date":"2025-10-12T20:57:32","date_gmt":"2025-10-12T18:57:32","guid":{"rendered":"https:\/\/www.misstraducciones.com\/unternehmensdaten\/"},"modified":"2025-11-18T20:13:04","modified_gmt":"2025-11-18T19:13:04","slug":"unternehmensdaten","status":"publish","type":"page","link":"https:\/\/www.misstraducciones.com\/de\/unternehmensdaten\/","title":{"rendered":"UNTERNEHMENSDATEN"},"content":{"rendered":"\t\t<div data-elementor-type=\"wp-page\" data-elementor-id=\"2163\" class=\"elementor elementor-2163 elementor-1569\" data-elementor-post-type=\"page\">\n\t\t\t\t<div class=\"elementor-element elementor-element-34b0e58 e-flex e-con-boxed e-con e-parent\" data-id=\"34b0e58\" data-element_type=\"container\" data-settings=\"{&quot;background_background&quot;:&quot;classic&quot;}\">\n\t\t\t\t\t<div class=\"e-con-inner\">\n\t\t<div class=\"elementor-element elementor-element-e99614f e-con-full e-flex e-con e-child\" data-id=\"e99614f\" data-element_type=\"container\" data-settings=\"{&quot;background_background&quot;:&quot;classic&quot;}\">\n\t\t\t\t<div class=\"elementor-element elementor-element-3367efd elementor-widget elementor-widget-heading\" data-id=\"3367efd\" data-element_type=\"widget\" data-widget_type=\"heading.default\">\n\t\t\t\t\t<h1 class=\"elementor-heading-title elementor-size-default\">UNTERNEHMENSDATEN<\/h1>\t\t\t\t<\/div>\n\t\t\t\t<\/div>\n\t\t\t\t\t<\/div>\n\t\t\t\t<\/div>\n\t\t<div class=\"elementor-element elementor-element-f9e912a e-flex e-con-boxed e-con e-parent\" data-id=\"f9e912a\" data-element_type=\"container\">\n\t\t\t\t\t<div class=\"e-con-inner\">\n\t\t\t\t<div class=\"elementor-element elementor-element-e325291 elementor-widget elementor-widget-text-editor\" data-id=\"e325291\" data-element_type=\"widget\" data-widget_type=\"text-editor.default\">\n\t\t\t\t\t\t\t\t\t<div id=\"texttool-content\"><p><strong>FIRMENDATEN<\/strong><\/p><p>In Erf\u00fcllung von Artikel 10 des Gesetzes 34\/2002 vom 11. Juli \u00fcber Dienstleistungen der Informationsgesellschaft und elektronischen Gesch\u00e4ftsverkehr werden nachfolgend die Identifikationsdaten des Unternehmens angegeben.<\/p><div class=\"group-list\"><p><strong>Juristischer Name: <\/strong><span class=\"nombreJuridico\">Ana Albors<\/span><\/p><p>Gesellschaftsform: Selbstst\u00e4ndiger (Aut\u00f3nomo)<\/p><p><strong>Steueridentifikationsnummer: <\/strong><span class=\"NIF\">21679150V<\/span><\/p><p><strong>Gesch\u00e4ftssitz: <\/strong><span class=\"direccionSocial\">Avda. Xixo, 3 03802 Benidorm <\/span><\/p><p><strong>E-Mail-Adresse: <\/strong><span class=\"correoElectronico\">aas.translationservices@gmail.com<\/span><\/p><p><strong>Telefonnummer: <\/strong><span class=\"telefono\">607 717 652<\/span><\/p><\/div><p>Die Website https:\/\/www.misstraducciones.com\/ (im Folgenden die \u201eWebsite\u201c) ist Eigentum von Ana Albors unter dem Handelsnamen .<\/p><p>Der Zugriff auf die Website setzt die vollst\u00e4ndige Annahme aller nachstehenden Bedingungen voraus:<\/p><p><strong>INDUSTRIEIMMOBILIE<\/strong><\/p><p>Das Logo und die Bezeichnung \u201e&#8220;Miss Traducciones\u201c, ebenso wie andere unterscheidungskr\u00e4ftige Zeichen (grafisch oder verbal), die auf dieser Website erscheinen, sind ausschlie\u00dfliches Eigentum von , sodass allein diese Entit\u00e4t berechtigt ist, sie zu verwenden.<\/p><p>Die Inhalte dieser Website \u2013 Texte, Bilder usw. \u2013 sowie ihr grafisches Design und der Quellcode sind durch die spanische Gesetzgebung zum Schutz geistigen und gewerblichen Eigentums zugunsten von gesch\u00fctzt Miss Traducciones. .<\/p><p>Ihre vollst\u00e4ndige oder teilweise Reproduktion, Verbreitung oder \u00f6ffentliche Kommunikation ist daher ohne die ausdr\u00fcckliche Genehmigung von strengstens untersagt.<\/p><p><strong>DOM\u00c4NENNAME<\/strong><\/p><p>Ebenso wie in den vorherigen Abs\u00e4tzen ausgef\u00fchrt, sind die Domainnamen \u201chttps:\/\/www.misstraducciones.com\/\u201c und alle weiteren, die den Zugang zu dieser Website erm\u00f6glichen, ausschlie\u00dfliches Eigentum von . Ein missbr\u00e4uchlicher Gebrauch dieser Namen stellt eine Verletzung der durch ihre Registrierung erworbenen Rechte dar und wird mit den durch das Gesetz vorgesehenen Mitteln verfolgt. <\/p><p><strong>F\u00dcR DEN PERS\u00d6NLICHEN GEBRAUCH<\/strong><\/p><p>Der Nutzer wird ausdr\u00fccklich von dazu autorisiert, die durch Ausschlie\u00dflichkeitsrechte gesch\u00fctzten oder nicht gesch\u00fctzten Inhalte und Elemente (mit Ausnahme von Computerprogrammen) auf seiner Festplatte oder auf einem anderen physischen Datentr\u00e4ger anzusehen, auszudrucken, zu kopieren oder zu speichern, sofern diese Handlung ausschlie\u00dflich zu seinem pers\u00f6nlichen und privaten Gebrauch erfolgt, ohne kommerzielle oder vertriebliche Zwecke und ohne die vorgenannten Rechte und Inhalte zu ver\u00e4ndern, zu modifizieren oder zu dekompilieren.<br>Diese Lizenz zur pers\u00f6nlichen Nutzung gilt nur unter der Voraussetzung, dass s\u00e4mtliche Hinweise auf Urheberrechte und gewerbliche Schutzrechte unver\u00e4ndert beibehalten werden, ohne dass dies eine \u00dcbertragung oder Gew\u00e4hrung irgendeiner Lizenz an den Nutzer bedeutet. <\/p><p>Jede andere Nutzung der Inhalte oder geistigen Sch\u00f6pfungen dieser Website erfordert die ausdr\u00fcckliche und schriftliche Genehmigung von .<\/p><p><strong>Vorbehalt der Klage<\/strong><\/p><p><span class=\"nombreEmpresa\">Miss Traducciones<\/span> beh\u00e4lt sich jederzeit das Recht vor, alle ihm zustehenden rechtlichen Mittel und Ma\u00dfnahmen zu ergreifen, um seine legitimen Rechte des geistigen und gewerblichen Eigentums gegen\u00fcber einer unbefugten Nutzung oder jeglicher Handlung, die ihnen schaden k\u00f6nnte, zu verteidigen.<\/p><p><strong>LINKS<\/strong><\/p><p>Links, die der Nutzer w\u00e4hrend des Navigierens auf dieser Website vorfindet, erm\u00f6glichen es ihm, diese Seite zu verlassen.<\/p><p>Die Links, die der Nutzer w\u00e4hrend der Navigation auf dieser Website vorfinden kann, erm\u00f6glichen es ihm, diese Seite zu verlassen.<\/p><p>In jedem Fall verpflichtet sich Miss Traducciones, alles in ihrer Macht Stehende zu tun, um das Vorhandensein von Links zu Seiten mit illegalen Inhalten auf ihrer Website zu verhindern, insbesondere solchen, die strafbare, rassistische oder fremdenfeindliche Aktivit\u00e4ten f\u00f6rdern oder die allgemein geeignet sind, gegen die Grunds\u00e4tze der Freiheit und der Menschenw\u00fcrde zu versto\u00dfen oder die in der spanischen Verfassung und der Allgemeinen Erkl\u00e4rung der Menschenrechte anerkannten Werte und Rechte zu verletzen.<\/p><p>F\u00fcr den Fall, dass ein Nutzer der Auffassung ist, dass ein auf der Website enthaltener Link in irgendeiner Weise seine Rechte beeintr\u00e4chtigt oder ihm auch nur den geringsten Schaden verursacht, braucht er dies lediglich durch das Senden einer E-Mail an Miss Traducciones mitzuteilen, im Vertrauen darauf, dass die entsprechenden Ma\u00dfnahmen ergriffen werden.<\/p><p><strong>INHALT DER WEBSITE<\/strong><\/p><p><span class=\"nombreEmpresa\">Miss Traducciones<\/span> \u00fcbernimmt keine Verantwortung f\u00fcr den Missbrauch der Inhalte unserer Website; die alleinige Verantwortung liegt bei der Person, die auf diese zugreift oder sie nutzt.<br><\/p><p><strong>AKTUALISIERUNG UND \u00c4NDERUNG DER WEBSITE<\/strong><\/p><p><span class=\"nombreEmpresa\">Miss Traducciones<\/span> beh\u00e4lt sich das Recht vor, sowohl die auf seiner Website enthaltenen Informationen als auch deren Konfiguration und Darstellung ohne vorherige Ank\u00fcndigung zu \u00e4ndern oder zu l\u00f6schen, ohne hierf\u00fcr irgendeine Verantwortung zu \u00fcbernehmen.<\/p><p><strong>INDICACIONES SOBRE ASPECTOS T\u00c9CNICOS<\/strong><\/p><p><span class=\"nombreEmpresa\">Miss Traducciones<\/span> \u00fcbernimmt keinerlei Verantwortung f\u00fcr technische Probleme oder Ausf\u00e4lle der Computerger\u00e4te, die w\u00e4hrend der Verbindung mit dem Internet auftreten k\u00f6nnen, ebenso wenig f\u00fcr Sch\u00e4den, die durch unrechtm\u00e4\u00dfige Eingriffe Dritter au\u00dferhalb der Kontrolle von Miss Traducciones verursacht werden k\u00f6nnten.<\/p><p>Wir sind ebenfalls von jeglicher Verantwortung befreit f\u00fcr m\u00f6gliche Sch\u00e4den oder Beeintr\u00e4chtigungen, die der Nutzer infolge von Fehlern, M\u00e4ngeln oder Auslassungen in den Informationen erleiden k\u00f6nnte, die wir bereitstellen, sofern diese aus externen Quellen stammen.<\/p><p><strong>ZUGANGSBEDINGUNGEN<\/strong><\/p><p>Im Allgemeinen ist der Zugang zu den von \u201eMiss Traducciones\u201c bereitgestellten Inhalten frei und kostenlos, und von den Nutzern wird nicht verlangt, personenbezogene Daten anzugeben, sich zu registrieren oder Zugangscodes bzw. Passw\u00f6rter zu verwenden, mit Ausnahme des eingeschr\u00e4nkten Zugangs zum Kundenbereich von \u201eMiss Traducciones\u201c.<\/p><p>Wenn f\u00fcr die Beauftragung oder die Anforderung von Informationen zu einer bestimmten Dienstleistung die Angabe personenbezogener Daten erforderlich ist, gew\u00e4hrleisten die Nutzer deren Wahrhaftigkeit, Genauigkeit, Authentizit\u00e4t und G\u00fcltigkeit. \u201eMiss Traducciones\u201c verpflichtet sich, diese Daten entsprechend ihrer Art und ihrem Zweck unter den in der Datenschutzerkl\u00e4rung dargelegten Bedingungen und Bestimmungen einer angemessenen automatisierten Verarbeitung zu unterziehen.<\/p><p>F\u00fcr jene F\u00e4lle, in denen die Verwendung von Zugangsdaten (Benutzername und Passwort) erforderlich ist, verpflichtet sich der Nutzer, diese gem\u00e4\u00df den folgenden Einschr\u00e4nkungen zu verwenden:<\/p><p>Die vom Nutzer gew\u00e4hlten Zugangsdaten d\u00fcrfen nicht gegen die Moral und die allgemein anerkannten guten Sitten versto\u00dfen und in keiner Weise die Rechte des gewerblichen und geistigen Eigentums sowie das Recht auf Ehre oder das eigene Bild Dritter verletzen.<\/p><p>Die Zugangsdaten sind f\u00fcr den pers\u00f6nlichen und ausschlie\u00dflichen Gebrauch des Nutzers bestimmt, dem sie geh\u00f6ren, und ihre Aufbewahrung sowie ihre ordnungsgem\u00e4\u00dfe Verwendung liegen in seiner Verantwortung. \u201eMiss Traducciones\u201c \u00fcbernimmt keinerlei Verantwortung f\u00fcr Sch\u00e4den, die dem Nutzer oder Dritten dadurch entstehen k\u00f6nnen, dass andere Personen seine Zugangsdaten mit oder ohne Zustimmung oder Kenntnis des Nutzers verwenden.<\/p><p>\u201eMiss Traducciones\u201c verpflichtet sich jedoch, die Geheimhaltungspflicht in Bezug auf die von den Nutzern registrierten und verwendeten Zugangsdaten zu wahren.<br><\/p><p><strong>NUTZUNGSBEDINGUNGEN<\/strong><\/p><p>Die Nutzung der Website von \u201eMiss Traducciones\u201c hat im Einklang mit dem Inhalt dieser Allgemeinen Gesch\u00e4ftsbedingungen, den geltenden gesetzlichen Bestimmungen sowie den Anforderungen der Moral, der allgemein anerkannten guten Sitten und der \u00f6ffentlichen Ordnung zu erfolgen.<\/p><p>Sofern keine vorherige und ausdr\u00fcckliche Genehmigung von \u201eMiss Traducciones\u201c vorliegt, d\u00fcrfen die Nutzer die auf dieser Website angebotenen Inhalte und Dienstleistungen ausschlie\u00dflich f\u00fcr pers\u00f6nliche Zwecke nutzen und haben jede Handlung zu unterlassen, die direkt oder indirekt eine kommerzielle Nutzung derselben darstellt.<\/p><p>In jedem Fall werden die Nutzer die von \u201eMiss Traducciones\u201c bereitgestellten Inhalte und Dienstleistungen in \u00dcbereinstimmung mit der geltenden Gesetzgebung nutzen und die Verantwortung f\u00fcr jene Verhaltensweisen oder Aktivit\u00e4ten \u00fcbernehmen, die in irgendeiner Form rechtswidrig sein k\u00f6nnten oder die Rechte Dritter verletzen oder die Nutzung dieser Website durch andere Nutzer beeintr\u00e4chtigen, verhindern oder einschr\u00e4nken k\u00f6nnten.<\/p><p>Die Nutzer verpflichten sich, \u00fcber \u201eMiss Traducciones\u201c keine Nachrichten, Bilder, Fotografien, Software, Daten oder Inhalte zu \u00fcbermitteln oder zu verbreiten, die:<br><\/p><ul><li><p>in irgendeiner Weise gegen die durch die Rechtsordnung anerkannten Grundrechte versto\u00dfen oder diese beeintr\u00e4chtigen.<\/p><\/li><li><p>strafbare, beleidigende, verleumderische, ehrverletzende, gewaltt\u00e4tige Handlungen oder solche f\u00f6rdern, die aufgrund von Geschlecht, Rasse, Religion oder Ideologie diskriminieren, oder die allgemein gegen das Gesetz, die Moral oder die \u00f6ffentliche Ordnung versto\u00dfen.<br><\/p><\/li><li><p>falsch, mehrdeutig, ungenau, \u00fcbertrieben, obsz\u00f6n oder unangebracht sind.<\/p><\/li><li><p>durch irgendwelche geistigen oder gewerblichen Eigentumsrechte Dritter gesch\u00fctzt sind, es sei denn, es liegt eine vorherige und ausreichende Genehmigung ihres rechtm\u00e4\u00dfigen Inhabers vor.<\/p><\/li><li><p>das Recht auf Ehre, die pers\u00f6nliche Privatsph\u00e4re oder das eigene Bild Dritter verletzen oder verletzen k\u00f6nnten oder gegen die Vorschriften \u00fcber das Geheimnis bzw. die Vertraulichkeit der Kommunikation versto\u00dfen.<\/p><\/li><li><p>rechtswidrige, irref\u00fchrende oder unlautere Werbung darstellen.<br><\/p><\/li><li><p>Viren, Trojaner, W\u00fcrmer, Zeitbomben oder jegliches anderes Material oder Programm enthalten, das die Funktionsf\u00e4higkeit von Computerger\u00e4ten oder IT-Systemen besch\u00e4digen oder beeintr\u00e4chtigen kann.<\/p><\/li><\/ul><p>\u201eMiss Traducciones\u201c beh\u00e4lt sich das einseitige Recht vor, jederzeit und ohne vorherige Ank\u00fcndigung oder Begr\u00fcndung den Zugang zu ihrer Website jenen Nutzern zu verweigern, die gegen diese Allgemeinen Nutzungsbedingungen versto\u00dfen.<\/p><\/div>\t\t\t\t\t\t\t\t<\/div>\n\t\t\t\t\t<\/div>\n\t\t\t\t<\/div>\n\t\t\t\t<\/div>\n\t\t","protected":false},"excerpt":{"rendered":"<p>UNTERNEHMENSDATEN FIRMENDATEN In Erf\u00fcllung von Artikel 10 des Gesetzes 34\/2002 vom 11. Juli \u00fcber Dienstleistungen der Informationsgesellschaft und elektronischen Gesch\u00e4ftsverkehr werden nachfolgend die Identifikationsdaten des Unternehmens angegeben. Juristischer Name: Ana Albors Gesellschaftsform: Selbstst\u00e4ndiger (Aut\u00f3nomo) Steueridentifikationsnummer: 21679150V Gesch\u00e4ftssitz: Avda. Xixo, 3 03802 Benidorm E-Mail-Adresse: aas.translationservices@gmail.com Telefonnummer: 607 717 652 Die Website https:\/\/www.misstraducciones.com\/ (im Folgenden die \u201eWebsite\u201c) [&hellip;]<\/p>\n","protected":false},"author":1,"featured_media":0,"parent":0,"menu_order":0,"comment_status":"closed","ping_status":"closed","template":"elementor_header_footer","meta":{"_acf_changed":false,"footnotes":""},"class_list":["post-2163","page","type-page","status-publish","hentry"],"acf":[],"_links":{"self":[{"href":"https:\/\/www.misstraducciones.com\/de\/wp-json\/wp\/v2\/pages\/2163","targetHints":{"allow":["GET"]}}],"collection":[{"href":"https:\/\/www.misstraducciones.com\/de\/wp-json\/wp\/v2\/pages"}],"about":[{"href":"https:\/\/www.misstraducciones.com\/de\/wp-json\/wp\/v2\/types\/page"}],"author":[{"embeddable":true,"href":"https:\/\/www.misstraducciones.com\/de\/wp-json\/wp\/v2\/users\/1"}],"replies":[{"embeddable":true,"href":"https:\/\/www.misstraducciones.com\/de\/wp-json\/wp\/v2\/comments?post=2163"}],"version-history":[{"count":1,"href":"https:\/\/www.misstraducciones.com\/de\/wp-json\/wp\/v2\/pages\/2163\/revisions"}],"predecessor-version":[{"id":2164,"href":"https:\/\/www.misstraducciones.com\/de\/wp-json\/wp\/v2\/pages\/2163\/revisions\/2164"}],"wp:attachment":[{"href":"https:\/\/www.misstraducciones.com\/de\/wp-json\/wp\/v2\/media?parent=2163"}],"curies":[{"name":"wp","href":"https:\/\/api.w.org\/{rel}","templated":true}]}}