{"id":2223,"date":"2025-09-17T20:36:43","date_gmt":"2025-09-17T18:36:43","guid":{"rendered":"https:\/\/www.misstraducciones.com\/blog\/"},"modified":"2025-11-19T21:45:39","modified_gmt":"2025-11-19T20:45:39","slug":"blog","status":"publish","type":"page","link":"https:\/\/www.misstraducciones.com\/de\/blog\/","title":{"rendered":"Blog"},"content":{"rendered":"\t\t<div data-elementor-type=\"wp-page\" data-elementor-id=\"2223\" class=\"elementor elementor-2223 elementor-71\" data-elementor-post-type=\"page\">\n\t\t\t\t<div class=\"elementor-element elementor-element-a13bfa8 e-flex e-con-boxed e-con e-parent\" data-id=\"a13bfa8\" data-element_type=\"container\" data-settings=\"{&quot;background_background&quot;:&quot;classic&quot;}\">\n\t\t\t\t\t<div class=\"e-con-inner\">\n\t\t<div class=\"elementor-element elementor-element-6a4fb6f e-con-full e-flex e-con e-child\" data-id=\"6a4fb6f\" data-element_type=\"container\" data-settings=\"{&quot;background_background&quot;:&quot;classic&quot;}\">\n\t\t\t\t<div class=\"elementor-element elementor-element-f6afde7 elementor-widget elementor-widget-heading\" data-id=\"f6afde7\" data-element_type=\"widget\" data-widget_type=\"heading.default\">\n\t\t\t\t\t<h1 class=\"elementor-heading-title elementor-size-default\">Blog<\/h1>\t\t\t\t<\/div>\n\t\t\t\t<div class=\"elementor-element elementor-element-64e397f elementor-widget elementor-widget-text-editor\" data-id=\"64e397f\" data-element_type=\"widget\" data-widget_type=\"text-editor.default\">\n\t\t\t\t\t\t\t\t\t<p>Tipps, Trends und Neuigkeiten aus der Welt der Sprachen<\/p>\t\t\t\t\t\t\t\t<\/div>\n\t\t\t\t<\/div>\n\t\t\t\t\t<\/div>\n\t\t\t\t<\/div>\n\t\t<div class=\"elementor-element elementor-element-1a8b460 e-flex e-con-boxed e-con e-parent\" data-id=\"1a8b460\" data-element_type=\"container\" id=\"listPosts\">\n\t\t\t\t\t<div class=\"e-con-inner\">\n\t\t\t\t<div class=\"elementor-element elementor-element-767cd6b elementor-posts__hover-none elementor-grid-3 elementor-grid-tablet-2 elementor-grid-mobile-1 elementor-posts--thumbnail-top elementor-widget elementor-widget-posts\" data-id=\"767cd6b\" data-element_type=\"widget\" data-settings=\"{&quot;cards_row_gap&quot;:{&quot;unit&quot;:&quot;px&quot;,&quot;size&quot;:24,&quot;sizes&quot;:[]},&quot;pagination_type&quot;:&quot;load_more_infinite_scroll&quot;,&quot;cards_columns&quot;:&quot;3&quot;,&quot;cards_columns_tablet&quot;:&quot;2&quot;,&quot;cards_columns_mobile&quot;:&quot;1&quot;,&quot;cards_row_gap_tablet&quot;:{&quot;unit&quot;:&quot;px&quot;,&quot;size&quot;:&quot;&quot;,&quot;sizes&quot;:[]},&quot;cards_row_gap_mobile&quot;:{&quot;unit&quot;:&quot;px&quot;,&quot;size&quot;:&quot;&quot;,&quot;sizes&quot;:[]},&quot;load_more_spinner&quot;:{&quot;value&quot;:&quot;fas fa-spinner&quot;,&quot;library&quot;:&quot;fa-solid&quot;}}\" data-widget_type=\"posts.cards\">\n\t\t\t\t<div class=\"elementor-widget-container\">\n\t\t\t\t\t\t\t<div class=\"elementor-posts-container elementor-posts elementor-posts--skin-cards elementor-grid\" role=\"list\">\n\t\t\t\t<article class=\"elementor-post elementor-grid-item post-2203 post type-post status-publish format-standard has-post-thumbnail hentry category-technische-ubersetzung\" role=\"listitem\">\n\t\t\t<div class=\"elementor-post__card\">\n\t\t\t\t<a class=\"elementor-post__thumbnail__link\" href=\"https:\/\/www.misstraducciones.com\/de\/wie-professionelle-uebersetzung-ihr-online-geschaeft-international-voranbringen-kann\/\" tabindex=\"-1\" ><div class=\"elementor-post__thumbnail\"><img fetchpriority=\"high\" decoding=\"async\" width=\"1920\" height=\"900\" src=\"https:\/\/www.misstraducciones.com\/wp-content\/uploads\/2025\/09\/BG_HOME.jpg\" class=\"attachment-full size-full wp-image-1797\" alt=\"Background imagen Bienvenida\" srcset=\"https:\/\/www.misstraducciones.com\/wp-content\/uploads\/2025\/09\/BG_HOME.jpg 1920w, https:\/\/www.misstraducciones.com\/wp-content\/uploads\/2025\/09\/BG_HOME-300x141.jpg 300w, https:\/\/www.misstraducciones.com\/wp-content\/uploads\/2025\/09\/BG_HOME-1024x480.jpg 1024w, https:\/\/www.misstraducciones.com\/wp-content\/uploads\/2025\/09\/BG_HOME-768x360.jpg 768w, https:\/\/www.misstraducciones.com\/wp-content\/uploads\/2025\/09\/BG_HOME-1536x720.jpg 1536w\" sizes=\"(max-width: 1920px) 100vw, 1920px\" \/><\/div><\/a>\n\t\t\t\t<div class=\"elementor-post__badge\">technische \u00dcbersetzung<\/div>\n\t\t\t\t<div class=\"elementor-post__text\">\n\t\t\t\t<h2 class=\"elementor-post__title\">\n\t\t\t<a href=\"https:\/\/www.misstraducciones.com\/de\/wie-professionelle-uebersetzung-ihr-online-geschaeft-international-voranbringen-kann\/\" >\n\t\t\t\tWie professionelle \u00dcbersetzung Ihr Online-Gesch\u00e4ft international voranbringen kann\t\t\t<\/a>\n\t\t<\/h2>\n\t\t\n\t\t<a class=\"elementor-post__read-more\" href=\"https:\/\/www.misstraducciones.com\/de\/wie-professionelle-uebersetzung-ihr-online-geschaeft-international-voranbringen-kann\/\" aria-label=\"Mehr \u00fcber Wie professionelle \u00dcbersetzung Ihr Online-Gesch\u00e4ft international voranbringen kann\" tabindex=\"-1\" >\n\t\t\tArtikel lesen\t\t<\/a>\n\n\t\t\t\t<\/div>\n\t\t\t\t\t<\/div>\n\t\t<\/article>\n\t\t\t\t<article class=\"elementor-post elementor-grid-item post-2212 post type-post status-publish format-standard has-post-thumbnail hentry category-ubersetzungstipps\" role=\"listitem\">\n\t\t\t<div class=\"elementor-post__card\">\n\t\t\t\t<a class=\"elementor-post__thumbnail__link\" href=\"https:\/\/www.misstraducciones.com\/de\/was-sind-beglaubigte-uebersetzungen-und-wer-darf-sie-anfertigen\/\" tabindex=\"-1\" ><div class=\"elementor-post__thumbnail\"><img decoding=\"async\" width=\"390\" height=\"240\" src=\"https:\/\/www.misstraducciones.com\/wp-content\/uploads\/2025\/09\/Rectangle-4-10.jpg\" class=\"attachment-full size-full wp-image-2211\" alt=\"Interpretaci\u00f3n\" srcset=\"https:\/\/www.misstraducciones.com\/wp-content\/uploads\/2025\/09\/Rectangle-4-10.jpg 390w, https:\/\/www.misstraducciones.com\/wp-content\/uploads\/2025\/09\/Rectangle-4-10-300x185.jpg 300w\" sizes=\"(max-width: 390px) 100vw, 390px\" \/><\/div><\/a>\n\t\t\t\t<div class=\"elementor-post__badge\">\u00dcbersetzungstipps<\/div>\n\t\t\t\t<div class=\"elementor-post__text\">\n\t\t\t\t<h2 class=\"elementor-post__title\">\n\t\t\t<a href=\"https:\/\/www.misstraducciones.com\/de\/was-sind-beglaubigte-uebersetzungen-und-wer-darf-sie-anfertigen\/\" >\n\t\t\t\tWas sind beglaubigte \u00dcbersetzungen und wer darf sie anfertigen?\t\t\t<\/a>\n\t\t<\/h2>\n\t\t\n\t\t<a class=\"elementor-post__read-more\" href=\"https:\/\/www.misstraducciones.com\/de\/was-sind-beglaubigte-uebersetzungen-und-wer-darf-sie-anfertigen\/\" aria-label=\"Mehr \u00fcber Was sind beglaubigte \u00dcbersetzungen und wer darf sie anfertigen?\" tabindex=\"-1\" >\n\t\t\tArtikel lesen\t\t<\/a>\n\n\t\t\t\t<\/div>\n\t\t\t\t\t<\/div>\n\t\t<\/article>\n\t\t\t\t<article class=\"elementor-post elementor-grid-item post-2226 post type-post status-publish format-standard has-post-thumbnail hentry category-interpretation\" role=\"listitem\">\n\t\t\t<div class=\"elementor-post__card\">\n\t\t\t\t<a class=\"elementor-post__thumbnail__link\" href=\"https:\/\/www.misstraducciones.com\/de\/simultandolmetschen-vs-konsekutivdolmetschen-welche-option-ist-die-beste-fuer-ihre-veranstaltung\/\" tabindex=\"-1\" ><div class=\"elementor-post__thumbnail\"><img decoding=\"async\" width=\"389\" height=\"240\" src=\"https:\/\/www.misstraducciones.com\/wp-content\/uploads\/2025\/09\/Rectangle-4-9.jpg\" class=\"attachment-full size-full wp-image-2225\" alt=\"Interprestaci\u00f3n\" srcset=\"https:\/\/www.misstraducciones.com\/wp-content\/uploads\/2025\/09\/Rectangle-4-9.jpg 389w, https:\/\/www.misstraducciones.com\/wp-content\/uploads\/2025\/09\/Rectangle-4-9-300x185.jpg 300w\" sizes=\"(max-width: 389px) 100vw, 389px\" \/><\/div><\/a>\n\t\t\t\t<div class=\"elementor-post__badge\">Interpretation<\/div>\n\t\t\t\t<div class=\"elementor-post__text\">\n\t\t\t\t<h2 class=\"elementor-post__title\">\n\t\t\t<a href=\"https:\/\/www.misstraducciones.com\/de\/simultandolmetschen-vs-konsekutivdolmetschen-welche-option-ist-die-beste-fuer-ihre-veranstaltung\/\" >\n\t\t\t\tSimultandolmetschen vs. Konsekutivdolmetschen: Welche Option ist die beste f\u00fcr Ihre Veranstaltung?\t\t\t<\/a>\n\t\t<\/h2>\n\t\t\n\t\t<a class=\"elementor-post__read-more\" href=\"https:\/\/www.misstraducciones.com\/de\/simultandolmetschen-vs-konsekutivdolmetschen-welche-option-ist-die-beste-fuer-ihre-veranstaltung\/\" aria-label=\"Mehr \u00fcber Simultandolmetschen vs. Konsekutivdolmetschen: Welche Option ist die beste f\u00fcr Ihre Veranstaltung?\" tabindex=\"-1\" >\n\t\t\tArtikel lesen\t\t<\/a>\n\n\t\t\t\t<\/div>\n\t\t\t\t\t<\/div>\n\t\t<\/article>\n\t\t\t\t<\/div>\n\t\t\t\t\t<span class=\"e-load-more-spinner\">\n\t\t\t\t<svg aria-hidden=\"true\" class=\"e-font-icon-svg e-fas-spinner\" viewBox=\"0 0 512 512\" xmlns=\"http:\/\/www.w3.org\/2000\/svg\"><path d=\"M304 48c0 26.51-21.49 48-48 48s-48-21.49-48-48 21.49-48 48-48 48 21.49 48 48zm-48 368c-26.51 0-48 21.49-48 48s21.49 48 48 48 48-21.49 48-48-21.49-48-48-48zm208-208c-26.51 0-48 21.49-48 48s21.49 48 48 48 48-21.49 48-48-21.49-48-48-48zM96 256c0-26.51-21.49-48-48-48S0 229.49 0 256s21.49 48 48 48 48-21.49 48-48zm12.922 99.078c-26.51 0-48 21.49-48 48s21.49 48 48 48 48-21.49 48-48c0-26.509-21.491-48-48-48zm294.156 0c-26.51 0-48 21.49-48 48s21.49 48 48 48 48-21.49 48-48c0-26.509-21.49-48-48-48zM108.922 60.922c-26.51 0-48 21.49-48 48s21.49 48 48 48 48-21.49 48-48-21.491-48-48-48z\"><\/path><\/svg>\t\t\t<\/span>\n\t\t\n\t\t\t\t\t\t<\/div>\n\t\t\t\t<\/div>\n\t\t\t\t\t<\/div>\n\t\t\t\t<\/div>\n\t\t<div class=\"elementor-element elementor-element-a04686c e-flex e-con-boxed e-con e-parent\" data-id=\"a04686c\" data-element_type=\"container\" data-settings=\"{&quot;background_background&quot;:&quot;classic&quot;}\">\n\t\t\t\t\t<div class=\"e-con-inner\">\n\t\t<div class=\"elementor-element elementor-element-543a7a6 e-con-full e-flex e-con e-child\" data-id=\"543a7a6\" data-element_type=\"container\">\n\t\t<div class=\"elementor-element elementor-element-8676ace e-con-full elementor-hidden-tablet elementor-hidden-mobile e-flex e-con e-child\" data-id=\"8676ace\" data-element_type=\"container\">\n\t\t\t\t<\/div>\n\t\t<div class=\"elementor-element elementor-element-5395f70 e-con-full e-flex e-con e-child\" data-id=\"5395f70\" data-element_type=\"container\">\n\t\t\t\t<div class=\"elementor-element elementor-element-09ca6db elementor-widget elementor-widget-heading\" data-id=\"09ca6db\" data-element_type=\"widget\" data-widget_type=\"heading.default\">\n\t\t\t\t\t<div class=\"elementor-heading-title elementor-size-default\">Ben\u00f6tigen Sie ein Angebot? Sprechen wir dar\u00fcber! <\/div>\t\t\t\t<\/div>\n\t\t\t\t<div class=\"elementor-element elementor-element-9dbc8b8 elementor-widget elementor-widget-text-editor\" data-id=\"9dbc8b8\" data-element_type=\"widget\" data-widget_type=\"text-editor.default\">\n\t\t\t\t\t\t\t\t\t<p>Wir freuen uns, Ihnen eine L\u00f6sung anbieten zu k\u00f6nnen, die auf Ihre Bed\u00fcrfnisse zugeschnitten ist.<\/p>\t\t\t\t\t\t\t\t<\/div>\n\t\t\t\t<div class=\"elementor-element elementor-element-1d61971 elementor-align-center elementor-widget elementor-widget-button\" data-id=\"1d61971\" data-element_type=\"widget\" data-widget_type=\"button.default\">\n\t\t\t\t\t\t\t\t\t\t<a class=\"elementor-button elementor-button-link elementor-size-sm\" href=\"https:\/\/www.misstraducciones.com\/de\/kontakt\/\">\n\t\t\t\t\t\t<span class=\"elementor-button-content-wrapper\">\n\t\t\t\t\t\t\t\t\t<span class=\"elementor-button-text\">Jetzt kontaktieren<\/span>\n\t\t\t\t\t<\/span>\n\t\t\t\t\t<\/a>\n\t\t\t\t\t\t\t\t<\/div>\n\t\t\t\t<\/div>\n\t\t<div class=\"elementor-element elementor-element-9834d43 e-con-full elementor-hidden-tablet elementor-hidden-mobile e-flex e-con e-child\" data-id=\"9834d43\" data-element_type=\"container\">\n\t\t\t\t<\/div>\n\t\t\t\t<\/div>\n\t\t\t\t\t<\/div>\n\t\t\t\t<\/div>\n\t\t\t\t<\/div>\n\t\t","protected":false},"excerpt":{"rendered":"<p>Blog Tipps, Trends und Neuigkeiten aus der Welt der Sprachen Ben\u00f6tigen Sie ein Angebot? Sprechen wir dar\u00fcber! Wir freuen uns, Ihnen eine L\u00f6sung anbieten zu<\/p>\n","protected":false},"author":1,"featured_media":0,"parent":0,"menu_order":0,"comment_status":"closed","ping_status":"closed","template":"elementor_header_footer","meta":{"_acf_changed":false,"footnotes":""},"class_list":["post-2223","page","type-page","status-publish","hentry"],"acf":[],"_links":{"self":[{"href":"https:\/\/www.misstraducciones.com\/de\/wp-json\/wp\/v2\/pages\/2223","targetHints":{"allow":["GET"]}}],"collection":[{"href":"https:\/\/www.misstraducciones.com\/de\/wp-json\/wp\/v2\/pages"}],"about":[{"href":"https:\/\/www.misstraducciones.com\/de\/wp-json\/wp\/v2\/types\/page"}],"author":[{"embeddable":true,"href":"https:\/\/www.misstraducciones.com\/de\/wp-json\/wp\/v2\/users\/1"}],"replies":[{"embeddable":true,"href":"https:\/\/www.misstraducciones.com\/de\/wp-json\/wp\/v2\/comments?post=2223"}],"version-history":[{"count":1,"href":"https:\/\/www.misstraducciones.com\/de\/wp-json\/wp\/v2\/pages\/2223\/revisions"}],"predecessor-version":[{"id":2224,"href":"https:\/\/www.misstraducciones.com\/de\/wp-json\/wp\/v2\/pages\/2223\/revisions\/2224"}],"wp:attachment":[{"href":"https:\/\/www.misstraducciones.com\/de\/wp-json\/wp\/v2\/media?parent=2223"}],"curies":[{"name":"wp","href":"https:\/\/api.w.org\/{rel}","templated":true}]}}