{"id":2336,"date":"2025-11-16T18:39:38","date_gmt":"2025-11-16T17:39:38","guid":{"rendered":"https:\/\/www.misstraducciones.com\/cookie-richtlinie\/"},"modified":"2025-11-24T11:02:40","modified_gmt":"2025-11-24T10:02:40","slug":"cookie-richtlinie","status":"publish","type":"page","link":"https:\/\/www.misstraducciones.com\/de\/cookie-richtlinie\/","title":{"rendered":"Cookie-Richtlinie"},"content":{"rendered":"\t\t<div data-elementor-type=\"wp-page\" data-elementor-id=\"2336\" class=\"elementor elementor-2336 elementor-2052\" data-elementor-post-type=\"page\">\n\t\t\t\t<div class=\"elementor-element elementor-element-b3ddb69 e-flex e-con-boxed e-con e-parent\" data-id=\"b3ddb69\" data-element_type=\"container\">\n\t\t\t\t\t<div class=\"e-con-inner\">\n\t\t\t\t\t<\/div>\n\t\t\t\t<\/div>\n\t\t<div class=\"elementor-element elementor-element-fbc13da e-flex e-con-boxed e-con e-parent\" data-id=\"fbc13da\" data-element_type=\"container\">\n\t\t\t\t\t<div class=\"e-con-inner\">\n\t\t\t\t<div class=\"elementor-element elementor-element-3fe38ab elementor-widget elementor-widget-text-editor\" data-id=\"3fe38ab\" data-element_type=\"widget\" data-widget_type=\"text-editor.default\">\n\t\t\t\t\t\t\t\t\t<p>Miss Traducciones informiert \u00fcber die Verwendung von Cookies auf seiner Website: https:\/\/www.misstraducciones.com\/<\/p><h2>Was sind Cookies?<\/h2><p>Cookies sind Dateien, die \u00fcber Websites auf Ihren Computer heruntergeladen werden k\u00f6nnen.<\/p><p>Es handelt sich um Tools, die eine wesentliche Rolle bei der Bereitstellung zahlreicher Dienste der Informationsgesellschaft spielen. Unter anderem erm\u00f6glichen sie es einer Website, Informationen \u00fcber die Surfgewohnheiten eines Benutzers oder seines Computers zu speichern und abzurufen. Je nach den gewonnenen Informationen k\u00f6nnen sie dazu verwendet werden, den Benutzer zu erkennen und den angebotenen Dienst zu verbessern. <\/p><h2>Arten von Cookies<\/h2><p>Je nachdem, welche Stelle die Domain verwaltet, von der aus die Cookies gesendet werden, und die gewonnenen Daten verarbeitet, lassen sich zwei Arten unterscheiden:<\/p><ul><li>Eigene Cookies: Diese Cookies werden vom Endger\u00e4t des Nutzers an ein Ger\u00e4t oder eine Domain gesendet, die vom Herausgeber selbst verwaltet werden und von denen aus die vom Nutzer angeforderte Dienstleistung erbracht wird.<\/li><li>Cookies von Drittanbietern: Diese Cookies werden vom Endger\u00e4t des Nutzers von einem Ger\u00e4t oder einer Domain gesendet, die nicht vom Herausgeber verwaltet werden, sondern von einer anderen Stelle, die die durch Cookies gewonnenen Daten verarbeitet.<\/li><\/ul><p>Wenn Cookies von einem Computer oder einer Domain installiert werden, die vom Herausgeber selbst verwaltet werden, die durch diese Cookies gesammelten Informationen jedoch von einem Dritten verwaltet werden, k\u00f6nnen sie nicht als eigene Cookies betrachtet werden.<\/p><p>Es gibt auch eine zweite Klassifizierung nach der Dauer, f\u00fcr die sie im Browser des Kunden gespeichert bleiben. Dabei kann es sich um folgende Arten handeln:<\/p><ul><li>Sitzungscookies: Diese Cookies dienen dazu, Daten zu sammeln und zu speichern, w\u00e4hrend der Nutzer auf eine Website zugreift. Sie werden in der Regel verwendet, um Informationen zu speichern, die nur f\u00fcr die einmalige Erbringung der vom Nutzer angeforderten Dienstleistung von Interesse sind (z. B. eine Liste der gekauften Produkte). <\/li><li>Persistente Cookies: Die Daten bleiben auf dem Endger\u00e4t gespeichert und k\u00f6nnen w\u00e4hrend eines vom Verantwortlichen f\u00fcr das Cookie festgelegten Zeitraums, der von wenigen Minuten bis zu mehreren Jahren reichen kann, abgerufen und verarbeitet werden.<\/li><\/ul><p>Schlie\u00dflich gibt es noch eine weitere Klassifizierung mit f\u00fcnf Arten von Cookies, je nach dem Zweck, f\u00fcr den die erhobenen Daten verarbeitet werden:<\/p><ul><li>Technische Cookies: Diese Cookies erm\u00f6glichen dem Nutzer die Navigation durch eine Website, Plattform oder Anwendung und die Nutzung der verschiedenen dort vorhandenen Optionen oder Dienste, wie z. B. die Kontrolle des Datenverkehrs und der Datenkommunikation, die Identifizierung der Sitzung, den Zugriff auf Bereiche mit eingeschr\u00e4nktem Zugriff, die Elemente einer Bestellung zu speichern, den Kaufvorgang einer Bestellung durchzuf\u00fchren, die Anmeldung oder Teilnahme an einer Veranstaltung zu beantragen, Sicherheitselemente w\u00e4hrend der Navigation zu verwenden, Inhalte f\u00fcr die Verbreitung von Videos oder Ton aufzubewahren oder Inhalte \u00fcber soziale Netzwerke zu teilen.<\/li><li>Personalisierungs-Cookies: Sie erm\u00f6glichen dem Benutzer den Zugriff auf den Dienst mit einigen vordefinierten allgemeinen Merkmalen, die auf einer Reihe von Kriterien auf dem Endger\u00e4t des Benutzers basieren, wie z. B. der Sprache, dem Browsertyp, \u00fcber den er auf den Dienst zugreift, den regionalen Einstellungen, von denen aus er auf den Dienst zugreift, usw.<\/li><li>Analyse-Cookies: Sie erm\u00f6glichen es dem Verantwortlichen, das Verhalten der Nutzer der Websites, mit denen sie verkn\u00fcpft sind, zu verfolgen und zu analysieren. Die durch diese Art von Cookies gesammelten Informationen werden zur Messung der Aktivit\u00e4t der Websites, Anwendungen oder Plattformen und zur Erstellung von Navigationsprofilen der Nutzer dieser Websites, Anwendungen und Plattformen verwendet, um auf der Grundlage der Analyse der Nutzungsdaten der Nutzer des Dienstes Verbesserungen vorzunehmen. <\/li><li>Werbe-Cookies: Erm\u00f6glichen eine m\u00f6glichst effiziente Verwaltung der Werbefl\u00e4chen.<\/li><li>Verhaltensbasierte Werbe-Cookies: Diese Cookies speichern Informationen \u00fcber das Verhalten der Nutzer, die durch die kontinuierliche Beobachtung ihrer Surfgewohnheiten gewonnen werden. Auf diese Weise kann ein spezifisches Profil erstellt werden, um darauf basierend Werbung anzuzeigen.<\/li><li>Verhaltensbasierte Werbe-Cookies: Diese Cookies speichern Informationen \u00fcber das Verhalten der Nutzer, die durch die kontinuierliche Beobachtung ihrer Surfgewohnheiten gewonnen werden. Auf diese Weise kann ein spezifisches Profil erstellt werden, um darauf basierend Werbung anzuzeigen.<\/li><li>Cookies externer sozialer Netzwerke: Diese Cookies werden verwendet, damit Besucher mit den Inhalten verschiedener sozialer Plattformen (Facebook, YouTube, Twitter, LinkedIn usw.) interagieren k\u00f6nnen, und werden ausschlie\u00dflich f\u00fcr die Nutzer dieser sozialen Netzwerke generiert. Die Nutzungsbedingungen dieser Cookies und die gesammelten Informationen unterliegen den Datenschutzbestimmungen der jeweiligen sozialen Plattform. <\/li><li>Cookies externer sozialer Netzwerke: Diese Cookies werden verwendet, damit Besucher mit den Inhalten verschiedener sozialer Plattformen (Facebook, YouTube, Twitter, LinkedIn usw.) interagieren k\u00f6nnen, und werden ausschlie\u00dflich f\u00fcr die Nutzer dieser sozialen Netzwerke generiert. Die Nutzungsbedingungen dieser Cookies und die gesammelten Informationen unterliegen den Datenschutzbestimmungen der jeweiligen sozialen Plattform. <\/li><li>Cookies externer sozialer Netzwerke: Diese Cookies werden verwendet, damit Besucher mit den Inhalten verschiedener sozialer Plattformen (Facebook, YouTube, Twitter, LinkedIn usw.) interagieren k\u00f6nnen, und werden ausschlie\u00dflich f\u00fcr die Nutzer dieser sozialen Netzwerke generiert. Die Nutzungsbedingungen dieser Cookies und die gesammelten Informationen unterliegen den Datenschutzbestimmungen der jeweiligen sozialen Plattform. <\/li><\/ul><h2>Deaktivierung und L\u00f6schung von Cookies<\/h2><p>Sie haben die M\u00f6glichkeit, die auf Ihrem Computer installierten Cookies zuzulassen, zu blockieren oder zu l\u00f6schen, indem Sie die Einstellungen Ihres Browsers entsprechend anpassen. Durch die Deaktivierung von Cookies k\u00f6nnen einige der verf\u00fcgbaren Dienste m\u00f6glicherweise nicht mehr genutzt werden. Die Vorgehensweise zum Deaktivieren von Cookies ist je nach Browser unterschiedlich, erfolgt jedoch in der Regel \u00fcber das Men\u00fc \u201eExtras\u201d oder \u201eOptionen\u201d. Weitere Informationen finden Sie auch im Hilfemen\u00fc Ihres Browsers. Der Nutzer kann jederzeit w\u00e4hlen, welche Cookies auf dieser Website verwendet werden sollen.    <\/p><p>Sie k\u00f6nnen die auf Ihrem Computer installierten Cookies \u00fcber die Einstellungen Ihres Browsers zulassen, blockieren oder l\u00f6schen:<\/p><ul><li><a href=\"https:\/\/support.google.com\/accounts\/answer\/61416?co=GENIE.Platform%3DDesktop&amp;hl=es\" target=\"_blank\" rel=\"nofollow noopener noreferrer\">Google Chrome<\/a><\/li><li><a href=\"https:\/\/support.mozilla.org\/es\/kb\/Borrar%20cookies\" target=\"_blank\" rel=\"nofollow noopener noreferrer\">Mozilla Firefox<\/a><\/li><li><a href=\"https:\/\/support.microsoft.com\/es-es\/topic\/c%C3%B3mo-eliminar-archivos-de-cookies-en-internet-explorer-bca9446f-d873-78de-77ba-d42645fa52fc\" target=\"_blank\" rel=\"nofollow noopener noreferrer\">Internet Explorer<\/a><\/li><li><a href=\"https:\/\/support.apple.com\/es-es\/guide\/safari\/sfri11471\/mac\" target=\"_blank\" rel=\"nofollow noopener noreferrer\">Safari<\/a><\/li><li><a href=\"https:\/\/support.apple.com\/es-es\/HT201265\" target=\"_blank\" rel=\"nofollow noopener noreferrer\">Safari f\u00fcr iOS (iPhone und iPad)<\/a><\/li><li><a href=\"https:\/\/support.google.com\/accounts\/answer\/61416?co=GENIE.Platform%3DAndroid&amp;hl=es&amp;oco=1\" target=\"_blank\" rel=\"nofollow noopener noreferrer\">Chrome f\u00fcr Android<\/a><\/li><li><a href=\"https:\/\/support.google.com\/accounts\/answer\/61416?co=GENIE.Platform%3DiOS&amp;hl=es&amp;oco=1\" target=\"_blank\" rel=\"nofollow noopener noreferrer\">Chrome f\u00fcr iPhone und iPad<\/a><\/li><\/ul><p>Dar\u00fcber hinaus k\u00f6nnen Sie die Cookie-Speicherung in Ihrem Browser auch \u00fcber Tools wie die folgenden verwalten<\/p><ul><li><label>Ghostery:<\/label><a href=\"https:\/\/www.ghostery.com\/\" target=\"_blank\" rel=\"nofollow noopener noreferrer\">www.ghostery.com<\/a><\/li><li><label>Your online choices:<\/label><a href=\"https:\/\/www.youronlinechoices.com\/es\/\" target=\"_blank\" rel=\"nofollow noopener noreferrer\">www.youronlinechoices.com\/es\/<\/a><\/li><\/ul><h2>Auf https:\/\/www.misstraducciones.com\/ verwendete Cookies<\/h2><p><b>Im Folgenden werden die auf diesem Portal verwendeten Cookies sowie deren Art und Funktion aufgef\u00fchrt:<\/b><\/p><p>Akzeptanz der Cookie-Richtlinie https:\/\/www.misstraducciones.com\/ geht davon aus, dass Sie die Verwendung von Cookies akzeptieren. Dennoch werden Ihnen bei jedem Login am unteren oder oberen Rand jeder Seite des Portals Informationen \u00fcber die Cookie-Richtlinie angezeigt, damit Sie sich dessen bewusst sind. <\/p><p>Angesichts dieser Informationen k\u00f6nnen folgende Ma\u00dfnahmen ergriffen werden:<\/p><ul><li>Cookies akzeptieren. Dieser Hinweis wird w\u00e4hrend der aktuellen Sitzung beim Aufrufen einer beliebigen Seite des Portals nicht erneut angezeigt. <\/li><\/ul>\t\t\t\t\t\t\t\t<\/div>\n\t\t\t\t\t<\/div>\n\t\t\t\t<\/div>\n\t\t\t\t<\/div>\n\t\t","protected":false},"excerpt":{"rendered":"<p>Miss Traducciones informiert \u00fcber die Verwendung von Cookies auf seiner Website: https:\/\/www.misstraducciones.com\/ Was sind Cookies? Cookies sind Dateien, die \u00fcber Websites auf Ihren Computer heruntergeladen werden k\u00f6nnen. Es handelt sich um Tools, die eine wesentliche Rolle bei der Bereitstellung zahlreicher Dienste der Informationsgesellschaft spielen. Unter anderem erm\u00f6glichen sie es einer Website, Informationen \u00fcber die Surfgewohnheiten [&hellip;]<\/p>\n","protected":false},"author":1,"featured_media":0,"parent":0,"menu_order":0,"comment_status":"closed","ping_status":"closed","template":"elementor_header_footer","meta":{"_acf_changed":false,"footnotes":""},"class_list":["post-2336","page","type-page","status-publish","hentry"],"acf":[],"_links":{"self":[{"href":"https:\/\/www.misstraducciones.com\/de\/wp-json\/wp\/v2\/pages\/2336","targetHints":{"allow":["GET"]}}],"collection":[{"href":"https:\/\/www.misstraducciones.com\/de\/wp-json\/wp\/v2\/pages"}],"about":[{"href":"https:\/\/www.misstraducciones.com\/de\/wp-json\/wp\/v2\/types\/page"}],"author":[{"embeddable":true,"href":"https:\/\/www.misstraducciones.com\/de\/wp-json\/wp\/v2\/users\/1"}],"replies":[{"embeddable":true,"href":"https:\/\/www.misstraducciones.com\/de\/wp-json\/wp\/v2\/comments?post=2336"}],"version-history":[{"count":1,"href":"https:\/\/www.misstraducciones.com\/de\/wp-json\/wp\/v2\/pages\/2336\/revisions"}],"predecessor-version":[{"id":2337,"href":"https:\/\/www.misstraducciones.com\/de\/wp-json\/wp\/v2\/pages\/2336\/revisions\/2337"}],"wp:attachment":[{"href":"https:\/\/www.misstraducciones.com\/de\/wp-json\/wp\/v2\/media?parent=2336"}],"curies":[{"name":"wp","href":"https:\/\/api.w.org\/{rel}","templated":true}]}}